{"id":187,"date":"2026-02-11T03:51:19","date_gmt":"2026-02-11T03:51:19","guid":{"rendered":"https:\/\/isbmsolution.com\/?page_id=187"},"modified":"2026-02-11T05:27:04","modified_gmt":"2026-02-11T05:27:04","slug":"about-us","status":"publish","type":"page","link":"https:\/\/isbmsolution.com\/es\/about-us\/","title":{"rendered":"Sobre nosotros"},"content":{"rendered":"<p>[et_pb_section fb_built=&#8221;1&#8243; admin_label=&#8221;Header&#8221; _builder_version=&#8221;4.22.1&#8243; _module_preset=&#8221;default&#8221; hover_enabled=&#8221;0&#8243; collapsed=&#8221;on&#8221; global_colors_info=&#8221;{}&#8221; sticky_enabled=&#8221;0&#8243;][et_pb_row column_structure=&#8221;1_2,1_2&#8243; _builder_version=&#8221;4.23.2&#8243; _module_preset=&#8221;default&#8221; global_colors_info=&#8221;{}&#8221;][et_pb_column type=&#8221;1_2&#8243; _builder_version=&#8221;4.22.1&#8243; _module_preset=&#8221;default&#8221; global_colors_info=&#8221;{}&#8221;][et_pb_text _builder_version=&#8221;4.27.4&#8243; _module_preset=&#8221;cce187f6-bc83-4bff-9a7a-92f27def1ead&#8221; custom_margin=&#8221;||10px||false|false&#8221; global_colors_info=&#8221;{}&#8221;]<\/p>\n<h1>Sobre nosotros<\/h1>\n<p>[\/et_pb_text][et_pb_text _builder_version=&#8221;4.22.1&#8243; _module_preset=&#8221;449e4a31-e84d-4012-80ef-ab19b4272038&#8243; global_colors_info=&#8221;{}&#8221;]<\/p>\n<p dir=\"auto\">Argentina Ever-power ISBM Machinery Co., Ltd., fabricante l\u00edder de m\u00e1quinas de moldeo por soplado e inyecci\u00f3n-estirado y proveedor de ISBM, se fund\u00f3 en 2005 en Buenos Aires, Argentina, centr\u00e1ndose inicialmente en el desarrollo de tecnolog\u00edas innovadoras de moldeo por soplado. Posteriormente, en 2018, llev\u00f3 a cabo una reestructuraci\u00f3n estrat\u00e9gica y una importante expansi\u00f3n, dando como resultado una planta de producci\u00f3n de vanguardia que abarca m\u00e1s de 15\u00a0000 metros cuadrados en la zona industrial de C\u00f3rdoba. Equipada con capacidades de fabricaci\u00f3n avanzadas, incluyendo talleres especializados para ensamblaje, pruebas y control de calidad, la empresa ha aprovechado m\u00e1s de dos d\u00e9cadas de experiencia dedicada a la investigaci\u00f3n, el desarrollo, la fabricaci\u00f3n y la venta de equipos de moldeo por soplado. Esta amplia experiencia ha generado un profundo conocimiento en eficiencia operativa, gesti\u00f3n de la cadena de suministro y cumplimiento normativo, lo que ha permitido la obtenci\u00f3n de m\u00faltiples patentes internacionales.<\/p>\n<p>[\/et_pb_text][\/et_pb_column][et_pb_column type=&#8221;1_2&#8243; _builder_version=&#8221;4.22.1&#8243; _module_preset=&#8221;default&#8221; global_colors_info=&#8221;{}&#8221;][et_pb_image src=&#8221;https:\/\/isbmsolution.com\/wp-content\/uploads\/2026\/02\/company-picture-1.webp&#8221; alt=&#8221;Injection Stretch Blow Molding Machine manufacturer&#8221; title_text=&#8221;company picture (1)&#8221; _builder_version=&#8221;4.27.4&#8243; _module_preset=&#8221;default&#8221; custom_margin=&#8221;|-10vw|||false|false&#8221; custom_margin_tablet=&#8221;|0vw|||false|false&#8221; custom_margin_phone=&#8221;|0vw|||false|false&#8221; custom_margin_last_edited=&#8221;on|tablet&#8221; global_colors_info=&#8221;{}&#8221;][\/et_pb_image][\/et_pb_column][\/et_pb_row][et_pb_row column_structure=&#8221;2_5,3_5&#8243; _builder_version=&#8221;4.23.2&#8243; _module_preset=&#8221;default&#8221; global_colors_info=&#8221;{}&#8221;][et_pb_column type=&#8221;2_5&#8243; _builder_version=&#8221;4.23.2&#8243; _module_preset=&#8221;default&#8221; global_colors_info=&#8221;{}&#8221;][et_pb_image src=&#8221;https:\/\/isbmsolution.com\/wp-content\/uploads\/2026\/02\/company-picture-2-1.webp&#8221; alt=&#8221;Injection Stretch Blow Molding Machine manufacturer&#8221; title_text=&#8221;company picture (2)&#8221; _builder_version=&#8221;4.27.4&#8243; _module_preset=&#8221;default&#8221; scroll_vertical_motion_enable=&#8221;on&#8221; scroll_vertical_motion=&#8221;0|50|50|100|0.5|0|-0.5&#8243; global_colors_info=&#8221;{}&#8221;][\/et_pb_image][\/et_pb_column][et_pb_column type=&#8221;3_5&#8243; _builder_version=&#8221;4.23.2&#8243; _module_preset=&#8221;default&#8221; custom_padding=&#8221;|||10%|false|false&#8221; custom_padding_tablet=&#8221;|||0%|false|false&#8221; custom_padding_phone=&#8221;&#8221; custom_padding_last_edited=&#8221;on|tablet&#8221; global_colors_info=&#8221;{}&#8221;][et_pb_text _builder_version=&#8221;4.22.1&#8243; _module_preset=&#8221;449e4a31-e84d-4012-80ef-ab19b4272038&#8243; locked=&#8221;off&#8221; global_colors_info=&#8221;{}&#8221;]<\/p>\n<p dir=\"auto\">Los procesos de producci\u00f3n y fabricaci\u00f3n de la empresa se centran en m\u00e1quinas de moldeo por inyecci\u00f3n-estirado-soplado de una sola etapa, incluyendo modelos de tres, cuatro y seis estaciones, dise\u00f1adas para una producci\u00f3n de alta precisi\u00f3n. Estas m\u00e1quinas admiten diversos materiales como PET, PETG, PC, PCTG y PP, priorizando la eficiencia energ\u00e9tica, la reducci\u00f3n de residuos y los controles automatizados para un rendimiento estable. Mediante pr\u00e1cticas de producci\u00f3n ajustada y una cadena de suministro integral, la empresa garantiza una construcci\u00f3n s\u00f3lida, fiabilidad operativa y un control de calidad exhaustivo en cada detalle del ciclo de producci\u00f3n.<\/p>\n<p>[\/et_pb_text][et_pb_button button_url=&#8221;https:\/\/isbmsolution.com\/contact\/&#8221; button_text=&#8221;Get in touch&#8221; button_alignment=&#8221;right&#8221; _builder_version=&#8221;4.27.4&#8243; _module_preset=&#8221;ee5553ce-cd8a-4174-b4fa-c4ed75fed1aa&#8221; locked=&#8221;off&#8221; global_colors_info=&#8221;{}&#8221;][\/et_pb_button][\/et_pb_column][\/et_pb_row][et_pb_row _builder_version=&#8221;4.27.4&#8243; _module_preset=&#8221;default&#8221; locked=&#8221;off&#8221; global_colors_info=&#8221;{}&#8221;][et_pb_column type=&#8221;4_4&#8243; _builder_version=&#8221;4.22.1&#8243; _module_preset=&#8221;default&#8221; global_colors_info=&#8221;{}&#8221;][et_pb_text _builder_version=&#8221;4.27.4&#8243; _module_preset=&#8221;49f27b42-ba23-4879-9e5f-fe8d1db89a69&#8243; header_text_color=&#8221;#000000&#8243; header_2_font=&#8221;Oswald|700||on|||||&#8221; header_2_font_size=&#8221;60px&#8221; custom_margin=&#8221;||10px||false|false&#8221; locked=&#8221;off&#8221; global_colors_info=&#8221;{}&#8221;]<\/p>\n<h2>Certificado de cualificaci\u00f3n<\/h2>\n<p>[\/et_pb_text][\/et_pb_column][\/et_pb_row][et_pb_row column_structure=&#8221;1_2,1_2&#8243; _builder_version=&#8221;4.27.4&#8243; _module_preset=&#8221;default&#8221; global_colors_info=&#8221;{}&#8221;][et_pb_column type=&#8221;1_2&#8243; _builder_version=&#8221;4.27.4&#8243; _module_preset=&#8221;default&#8221; global_colors_info=&#8221;{}&#8221;][et_pb_image src=&#8221;https:\/\/isbmsolution.com\/wp-content\/uploads\/2026\/02\/Qualification-Certificate.webp&#8221; alt=&#8221;Qualification Certificate&#8221; title_text=&#8221;Qualification Certificate&#8221; _builder_version=&#8221;4.27.4&#8243; _module_preset=&#8221;default&#8221; locked=&#8221;off&#8221; global_colors_info=&#8221;{}&#8221;][\/et_pb_image][\/et_pb_column][et_pb_column type=&#8221;1_2&#8243; _builder_version=&#8221;4.27.4&#8243; _module_preset=&#8221;default&#8221; global_colors_info=&#8221;{}&#8221;][et_pb_text _builder_version=&#8221;4.22.1&#8243; _module_preset=&#8221;449e4a31-e84d-4012-80ef-ab19b4272038&#8243; locked=&#8221;off&#8221; global_colors_info=&#8221;{}&#8221;]<\/p>\n<p dir=\"auto\">En Argentina Ever-power ISBM Machinery Co., Ltd., mantenemos los m\u00e1s altos est\u00e1ndares de calidad y cumplimiento, avalados por nuestras completas certificaciones. Nuestras operaciones cuentan con la certificaci\u00f3n ISO 9001:2015, que garantiza sistemas de gesti\u00f3n de calidad robustos, asegurando la excelencia constante de nuestros productos y la eficiencia operativa. Adem\u00e1s, cumplimos con los requisitos de la norma ISO 13485:2016 para la fabricaci\u00f3n de dispositivos m\u00e9dicos, lo que garantiza la esterilidad, la precisi\u00f3n y el cumplimiento normativo en aplicaciones farmac\u00e9uticas. El cumplimiento de las directrices de la FDA para materiales en contacto con alimentos y las directivas RoHS para la seguridad ambiental demuestra a\u00fan m\u00e1s nuestro compromiso con las pr\u00e1cticas sostenibles. Estas certificaciones se alinean con los indicadores del mercado global, lo que nos permite ofrecer m\u00e1quinas ISBM confiables y de alto rendimiento que superan los est\u00e1ndares de la industria en cuanto a seguridad, durabilidad e innovaci\u00f3n.<\/p>\n<p>[\/et_pb_text][\/et_pb_column][\/et_pb_row][\/et_pb_section][et_pb_section fb_built=&#8221;1&#8243; admin_label=&#8221;Video&#8221; _builder_version=&#8221;4.27.4&#8243; _module_preset=&#8221;default&#8221; custom_padding=&#8221;0px||||false|false&#8221; collapsed=&#8221;on&#8221; global_colors_info=&#8221;{}&#8221;][et_pb_row _builder_version=&#8221;4.27.4&#8243; _module_preset=&#8221;default&#8221; locked=&#8221;off&#8221; global_colors_info=&#8221;{}&#8221;][et_pb_column type=&#8221;4_4&#8243; _builder_version=&#8221;4.22.1&#8243; _module_preset=&#8221;default&#8221; global_colors_info=&#8221;{}&#8221;][et_pb_text _builder_version=&#8221;4.27.4&#8243; _module_preset=&#8221;49f27b42-ba23-4879-9e5f-fe8d1db89a69&#8243; header_text_color=&#8221;#000000&#8243; header_2_font=&#8221;Oswald|700||on|||||&#8221; header_2_font_size=&#8221;60px&#8221; custom_margin=&#8221;||10px||false|false&#8221; locked=&#8221;off&#8221; global_colors_info=&#8221;{}&#8221;]<\/p>\n<h2>F\u00e1brica<\/h2>\n<p>[\/et_pb_text][\/et_pb_column][\/et_pb_row][et_pb_row _builder_version=&#8221;4.23.2&#8243; _module_preset=&#8221;default&#8221; max_width=&#8221;900px&#8221; global_colors_info=&#8221;{}&#8221;][et_pb_column type=&#8221;4_4&#8243; _builder_version=&#8221;4.22.1&#8243; _module_preset=&#8221;default&#8221; global_colors_info=&#8221;{}&#8221;][et_pb_video src=&#8221;https:\/\/isbmsolution.com\/wp-content\/uploads\/2026\/02\/20251113_143043-online-video-cutter.com_.mp4&#8243; _builder_version=&#8221;4.27.4&#8243; _module_preset=&#8221;default&#8221; global_colors_info=&#8221;{}&#8221;][\/et_pb_video][\/et_pb_column][\/et_pb_row][et_pb_row use_custom_gutter=&#8221;on&#8221; gutter_width=&#8221;2&#8243; custom_padding_last_edited=&#8221;on|tablet&#8221; _builder_version=&#8221;4.27.4&#8243; _module_preset=&#8221;default&#8221; custom_padding=&#8221;||20px||false|false&#8221; custom_padding_tablet=&#8221;||0px||false|false&#8221; custom_padding_phone=&#8221;||0px||false|false&#8221; locked=&#8221;off&#8221; global_colors_info=&#8221;{}&#8221;][et_pb_column type=&#8221;4_4&#8243; _builder_version=&#8221;4.27.4&#8243; _module_preset=&#8221;default&#8221; use_background_color_gradient=&#8221;on&#8221; background_color_gradient_direction=&#8221;90deg&#8221; background_color_gradient_stops=&#8221;rgba(0,0,0,0.8) 0%|rgba(255,255,255,0) 100%&#8221; background_color_gradient_overlays_image=&#8221;on&#8221; background_image=&#8221;https:\/\/isbmsolution.com\/wp-content\/uploads\/2026\/02\/company-factory.webp&#8221; custom_padding=&#8221;20%|40px|40px|40px|false|true&#8221; custom_padding_tablet=&#8221;|30px|30px|30px|false|true&#8221; custom_padding_phone=&#8221;|20px|20px|20px|false|true&#8221; custom_padding_last_edited=&#8221;on|tablet&#8221; global_colors_info=&#8221;{%22gcid-0a41bebc-0107-48f7-8173-6190cad71074%22:%91%22background_color_gradient_stops%22%93,%22gcid-fb7185f0-febc-426c-87a9-b6e9798849ab%22:%91%22background_color_gradient_stops%22%93}&#8221; background__hover_enabled=&#8221;on|hover&#8221; background_color_gradient_stops__hover=&#8221;#8c8eff 0%|rgba(255,255,255,0) 100%&#8221; use_background_color_gradient__hover=&#8221;on&#8221;][et_pb_text _builder_version=&#8221;4.22.1&#8243; _module_preset=&#8221;f8ecf74a-e1c1-4f9d-94a4-173f65849f5b&#8221; header_3_text_color=&#8221;#FFFFFF&#8221; custom_margin=&#8221;||0px||false|false&#8221; global_colors_info=&#8221;{}&#8221;]<\/p>\n<h3>Amplias y modernas instalaciones<\/h3>\n<p>[\/et_pb_text][\/et_pb_column][\/et_pb_row][et_pb_row use_custom_gutter=&#8221;on&#8221; gutter_width=&#8221;2&#8243; custom_padding_last_edited=&#8221;on|tablet&#8221; _builder_version=&#8221;4.27.4&#8243; _module_preset=&#8221;default&#8221; custom_padding=&#8221;||20px||false|false&#8221; custom_padding_tablet=&#8221;||0px||false|false&#8221; custom_padding_phone=&#8221;||0px||false|false&#8221; locked=&#8221;off&#8221; global_colors_info=&#8221;{}&#8221;][et_pb_column type=&#8221;4_4&#8243; _builder_version=&#8221;4.27.4&#8243; _module_preset=&#8221;default&#8221; use_background_color_gradient=&#8221;on&#8221; background_color_gradient_direction=&#8221;90deg&#8221; background_color_gradient_stops=&#8221;rgba(0,0,0,0.8) 0%|rgba(255,255,255,0) 100%&#8221; background_color_gradient_overlays_image=&#8221;on&#8221; background_image=&#8221;https:\/\/isbmsolution.com\/wp-content\/uploads\/2026\/02\/company-factory2-1.webp&#8221; custom_padding=&#8221;20%|40px|40px|40px|false|true&#8221; custom_padding_tablet=&#8221;|30px|30px|30px|false|true&#8221; custom_padding_phone=&#8221;|20px|20px|20px|false|true&#8221; custom_padding_last_edited=&#8221;on|tablet&#8221; global_colors_info=&#8221;{%22gcid-0a41bebc-0107-48f7-8173-6190cad71074%22:%91%22background_color_gradient_stops%22%93,%22gcid-fb7185f0-febc-426c-87a9-b6e9798849ab%22:%91%22background_color_gradient_stops%22%93}&#8221; background__hover_enabled=&#8221;on|hover&#8221; background_color_gradient_stops__hover=&#8221;#8c8eff 0%|rgba(255,255,255,0) 100%&#8221; use_background_color_gradient__hover=&#8221;on&#8221;][et_pb_text _builder_version=&#8221;4.22.1&#8243; _module_preset=&#8221;f8ecf74a-e1c1-4f9d-94a4-173f65849f5b&#8221; header_3_text_color=&#8221;#FFFFFF&#8221; custom_margin=&#8221;||0px||false|false&#8221; global_colors_info=&#8221;{}&#8221;]<\/p>\n<h3>Dise\u00f1o optimizado de la m\u00e1quina<\/h3>\n<p>[\/et_pb_text][\/et_pb_column][\/et_pb_row][et_pb_row use_custom_gutter=&#8221;on&#8221; gutter_width=&#8221;2&#8243; custom_padding_last_edited=&#8221;on|tablet&#8221; _builder_version=&#8221;4.27.4&#8243; _module_preset=&#8221;default&#8221; custom_padding=&#8221;||20px||false|false&#8221; custom_padding_tablet=&#8221;||0px||false|false&#8221; custom_padding_phone=&#8221;||0px||false|false&#8221; locked=&#8221;off&#8221; global_colors_info=&#8221;{}&#8221;][et_pb_column type=&#8221;4_4&#8243; _builder_version=&#8221;4.27.4&#8243; _module_preset=&#8221;default&#8221; use_background_color_gradient=&#8221;on&#8221; background_color_gradient_direction=&#8221;90deg&#8221; background_color_gradient_stops=&#8221;rgba(0,0,0,0.8) 0%|rgba(255,255,255,0) 100%&#8221; background_color_gradient_overlays_image=&#8221;on&#8221; background_image=&#8221;https:\/\/isbmsolution.com\/wp-content\/uploads\/2026\/02\/company-factory3-1.webp&#8221; custom_padding=&#8221;20%|40px|40px|40px|false|true&#8221; custom_padding_tablet=&#8221;|30px|30px|30px|false|true&#8221; custom_padding_phone=&#8221;|20px|20px|20px|false|true&#8221; custom_padding_last_edited=&#8221;on|tablet&#8221; global_colors_info=&#8221;{%22gcid-0a41bebc-0107-48f7-8173-6190cad71074%22:%91%22background_color_gradient_stops%22%93,%22gcid-fb7185f0-febc-426c-87a9-b6e9798849ab%22:%91%22background_color_gradient_stops%22%93}&#8221; background__hover_enabled=&#8221;on|hover&#8221; background_color_gradient_stops__hover=&#8221;#8c8eff 0%|rgba(255,255,255,0) 100%&#8221; use_background_color_gradient__hover=&#8221;on&#8221;][et_pb_text _builder_version=&#8221;4.22.1&#8243; _module_preset=&#8221;f8ecf74a-e1c1-4f9d-94a4-173f65849f5b&#8221; header_3_text_color=&#8221;#FFFFFF&#8221; custom_margin=&#8221;||0px||false|false&#8221; global_colors_info=&#8221;{}&#8221;]<\/p>\n<h3>Procesos de fabricaci\u00f3n innovadores<\/h3>\n<p>[\/et_pb_text][\/et_pb_column][\/et_pb_row][et_pb_row use_custom_gutter=&#8221;on&#8221; gutter_width=&#8221;2&#8243; custom_padding_last_edited=&#8221;on|tablet&#8221; _builder_version=&#8221;4.27.4&#8243; _module_preset=&#8221;default&#8221; custom_padding=&#8221;||20px||false|false&#8221; custom_padding_tablet=&#8221;||0px||false|false&#8221; custom_padding_phone=&#8221;||0px||false|false&#8221; locked=&#8221;off&#8221; global_colors_info=&#8221;{}&#8221;][et_pb_column type=&#8221;4_4&#8243; _builder_version=&#8221;4.27.4&#8243; _module_preset=&#8221;default&#8221; use_background_color_gradient=&#8221;on&#8221; background_color_gradient_direction=&#8221;90deg&#8221; background_color_gradient_stops=&#8221;rgba(0,0,0,0.8) 0%|rgba(255,255,255,0) 100%&#8221; background_color_gradient_overlays_image=&#8221;on&#8221; background_image=&#8221;https:\/\/isbmsolution.com\/wp-content\/uploads\/2026\/02\/company-factory4-1-scaled.webp&#8221; custom_padding=&#8221;20%|40px|40px|40px|false|true&#8221; custom_padding_tablet=&#8221;|30px|30px|30px|false|true&#8221; custom_padding_phone=&#8221;|20px|20px|20px|false|true&#8221; custom_padding_last_edited=&#8221;on|tablet&#8221; global_colors_info=&#8221;{%22gcid-0a41bebc-0107-48f7-8173-6190cad71074%22:%91%22background_color_gradient_stops%22%93,%22gcid-fb7185f0-febc-426c-87a9-b6e9798849ab%22:%91%22background_color_gradient_stops%22%93}&#8221; background__hover_enabled=&#8221;on|hover&#8221; background_color_gradient_stops__hover=&#8221;#8c8eff 0%|rgba(255,255,255,0) 100%&#8221; use_background_color_gradient__hover=&#8221;on&#8221;][et_pb_text _builder_version=&#8221;4.22.1&#8243; _module_preset=&#8221;f8ecf74a-e1c1-4f9d-94a4-173f65849f5b&#8221; header_3_text_color=&#8221;#FFFFFF&#8221; custom_margin=&#8221;||0px||false|false&#8221; global_colors_info=&#8221;{}&#8221;]<\/p>\n<h3>Cadena de suministro integral<\/h3>\n<p>[\/et_pb_text][\/et_pb_column][\/et_pb_row][\/et_pb_section][et_pb_section fb_built=&#8221;1&#8243; custom_padding_last_edited=&#8221;off|tablet&#8221; admin_label=&#8221;Call to Action&#8221; _builder_version=&#8221;4.27.4&#8243; _module_preset=&#8221;default&#8221; custom_padding=&#8221;0px||||false|false&#8221; custom_padding_tablet=&#8221;||||false|false&#8221; locked=&#8221;off&#8221; collapsed=&#8221;on&#8221; global_colors_info=&#8221;{}&#8221;][et_pb_row column_structure=&#8221;3_4,1_4&#8243; custom_padding_last_edited=&#8221;on|tablet&#8221; _builder_version=&#8221;4.22.1&#8243; _module_preset=&#8221;default&#8221; max_width=&#8221;1280px&#8221; custom_padding_tablet=&#8221;||0px||false|false&#8221; custom_padding_phone=&#8221;||0px||false|false&#8221; global_colors_info=&#8221;{}&#8221;][et_pb_column type=&#8221;3_4&#8243; _builder_version=&#8221;4.22.1&#8243; _module_preset=&#8221;default&#8221; global_colors_info=&#8221;{}&#8221;][et_pb_image src=&#8221;https:\/\/isbmsolution.com\/wp-content\/uploads\/2026\/02\/Partners-and-service-brands.webp&#8221; alt=&#8221;Partners and service brands&#8221; title_text=&#8221;Partners and service brands&#8221; _builder_version=&#8221;4.27.4&#8243; _module_preset=&#8221;default&#8221; custom_margin=&#8221;||-30%||false|false&#8221; custom_margin_tablet=&#8221;||0%||false|false&#8221; custom_margin_phone=&#8221;||0%||false|false&#8221; custom_margin_last_edited=&#8221;on|desktop&#8221; scroll_horizontal_motion_enable=&#8221;on&#8221; scroll_horizontal_motion=&#8221;0|50|50|100|0.5|0|-0.5&#8243; locked=&#8221;off&#8221; global_colors_info=&#8221;{}&#8221;][\/et_pb_image][\/et_pb_column][et_pb_column type=&#8221;1_4&#8243; _builder_version=&#8221;4.22.1&#8243; _module_preset=&#8221;default&#8221; global_colors_info=&#8221;{}&#8221;][\/et_pb_column][\/et_pb_row][et_pb_row column_structure=&#8221;2_5,3_5&#8243; custom_padding_last_edited=&#8221;on|desktop&#8221; _builder_version=&#8221;4.22.1&#8243; _module_preset=&#8221;default&#8221; max_width=&#8221;840px&#8221; custom_padding_tablet=&#8221;0px||||false|false&#8221; custom_padding_phone=&#8221;0px||||false|false&#8221; global_colors_info=&#8221;{}&#8221;][et_pb_column type=&#8221;2_5&#8243; _builder_version=&#8221;4.22.1&#8243; _module_preset=&#8221;default&#8221; global_colors_info=&#8221;{}&#8221;][\/et_pb_column][et_pb_column type=&#8221;3_5&#8243; _builder_version=&#8221;4.22.1&#8243; _module_preset=&#8221;default&#8221; background_color=&#8221;gcid-fb7185f0-febc-426c-87a9-b6e9798849ab&#8221; custom_padding=&#8221;40px|40px|40px|40px|true|true&#8221; custom_padding_tablet=&#8221;30px|30px|30px|30px|true|true&#8221; custom_padding_phone=&#8221;20px|20px|20px|20px|true|true&#8221; custom_padding_last_edited=&#8221;on|desktop&#8221; global_colors_info=&#8221;{%22gcid-fb7185f0-febc-426c-87a9-b6e9798849ab%22:%91%22background_color%22%93}&#8221;][et_pb_text _builder_version=&#8221;4.22.1&#8243; _module_preset=&#8221;a85392ee-95c5-40e8-84af-4cc6be0e30fd&#8221; header_2_text_color=&#8221;#FFFFFF&#8221; custom_margin=&#8221;||10px||false|false&#8221; global_colors_info=&#8221;{}&#8221;]<\/p>\n<h2>Socios y marcas de servicios<\/h2>\n<p>[\/et_pb_text][et_pb_text _builder_version=&#8221;4.22.1&#8243; _module_preset=&#8221;449e4a31-e84d-4012-80ef-ab19b4272038&#8243; text_text_color=&#8221;#FFFFFF&#8221; global_colors_info=&#8221;{}&#8221;]<\/p>\n<p dir=\"auto\">Argentina Ever-power ISBM Machinery Co., Ltd. colabora con reconocidas marcas mundiales de cosm\u00e9ticos, bebidas, alimentos y productos farmac\u00e9uticos, entre ellas Cestbon, Haitian, Luhua, Walch, Blue Moon, Proya, Liby, Est\u00e9e Lauder, Walmart, Dasenlin y Shanliang Eye Drops, ofreciendo soluciones a medida que mejoran la eficiencia de sus envases y la calidad de sus productos.<\/p>\n<p>[\/et_pb_text][et_pb_button button_url=&#8221;https:\/\/isbmsolution.com\/contact\/&#8221; button_text=&#8221;Partner with us&#8221; _builder_version=&#8221;4.27.4&#8243; _module_preset=&#8221;64b523d5-db27-4504-8647-85f3abcdd6e1&#8243; global_colors_info=&#8221;{}&#8221;][\/et_pb_button][\/et_pb_column][\/et_pb_row][\/et_pb_section]<\/p>","protected":false},"excerpt":{"rendered":"<p>About UsArgentina Ever-power ISBM Machinery Co., Ltd., a leading injection stretch blow molding machine manufacturer and ISBM supplier, was established in 2005 in Buenos Aires, Argentina, initially focusing on the development of innovative blow molding technologies. This was followed by a strategic restructuring and significant expansion in 2018, resulting in a cutting-edge production facility spanning [&hellip;]<\/p>","protected":false},"author":1,"featured_media":0,"parent":0,"menu_order":0,"comment_status":"closed","ping_status":"closed","template":"","meta":{"_et_pb_use_builder":"on","_et_pb_old_content":"","_et_gb_content_width":"","footnotes":""},"class_list":["post-187","page","type-page","status-publish","hentry"],"_links":{"self":[{"href":"https:\/\/isbmsolution.com\/es\/wp-json\/wp\/v2\/pages\/187","targetHints":{"allow":["GET"]}}],"collection":[{"href":"https:\/\/isbmsolution.com\/es\/wp-json\/wp\/v2\/pages"}],"about":[{"href":"https:\/\/isbmsolution.com\/es\/wp-json\/wp\/v2\/types\/page"}],"author":[{"embeddable":true,"href":"https:\/\/isbmsolution.com\/es\/wp-json\/wp\/v2\/users\/1"}],"replies":[{"embeddable":true,"href":"https:\/\/isbmsolution.com\/es\/wp-json\/wp\/v2\/comments?post=187"}],"version-history":[{"count":10,"href":"https:\/\/isbmsolution.com\/es\/wp-json\/wp\/v2\/pages\/187\/revisions"}],"predecessor-version":[{"id":222,"href":"https:\/\/isbmsolution.com\/es\/wp-json\/wp\/v2\/pages\/187\/revisions\/222"}],"wp:attachment":[{"href":"https:\/\/isbmsolution.com\/es\/wp-json\/wp\/v2\/media?parent=187"}],"curies":[{"name":"wp","href":"https:\/\/api.w.org\/{rel}","templated":true}]}}