{"id":247,"date":"2026-03-03T05:34:38","date_gmt":"2026-03-03T05:34:38","guid":{"rendered":"https:\/\/isbmsolution.com\/?post_type=product&#038;p=247"},"modified":"2026-03-03T05:37:45","modified_gmt":"2026-03-03T05:37:45","slug":"one-step-injection-stretch-blow-moulding-machine4-station-hgy150-v4","status":"publish","type":"product","link":"https:\/\/isbmsolution.com\/es\/producto\/one-step-injection-stretch-blow-moulding-machine4-station-hgy150-v4\/","title":{"rendered":"M\u00e1quina de moldeo por soplado y estirado por inyecci\u00f3n de un solo paso (4 estaciones) HGY150-V4"},"content":{"rendered":"<h3>Par\u00e1metros de la m\u00e1quina<\/h3>\n<table class=\"isbm-table\">\n<thead>\n<tr>\n<th>Par\u00e1metro<\/th>\n<th>Valor<\/th>\n<\/tr>\n<\/thead>\n<tbody>\n<tr>\n<td>Di\u00e1metro del tornillo<\/td>\n<td>50 mm (opcional);<\/td>\n<\/tr>\n<tr>\n<td>Capacidad de inyecci\u00f3n te\u00f3rica<\/td>\n<td>310 g;<\/td>\n<\/tr>\n<tr>\n<td>Fuerza de sujeci\u00f3n de la inyecci\u00f3n<\/td>\n<td>150 kN;<\/td>\n<\/tr>\n<tr>\n<td>Trazo superior del molde<\/td>\n<td>250 mm;<\/td>\n<\/tr>\n<tr>\n<td>Carrera de molde inferior<\/td>\n<td>205 mm;<\/td>\n<\/tr>\n<tr>\n<td>TEMP. Regulaci\u00f3n de la carrera del coraz\u00f3n<\/td>\n<td>250 mm;<\/td>\n<\/tr>\n<tr>\n<td>TEMP. carrera del ca\u00f1\u00f3n de regulaci\u00f3n<\/td>\n<td>230 mm;<\/td>\n<\/tr>\n<tr>\n<td>golpe de salida<\/td>\n<td>170 mm;<\/td>\n<\/tr>\n<tr>\n<td>Fuerza de sujeci\u00f3n por soplado<\/td>\n<td>200 kN (un solo lado);<\/td>\n<\/tr>\n<tr>\n<td>Golpe de n\u00facleo<\/td>\n<td>250 mm;<\/td>\n<\/tr>\n<tr>\n<td>Golpe de moldeo por soplado<\/td>\n<td>75+75 mm;<\/td>\n<\/tr>\n<tr>\n<td>Tanque de aceite VOL<\/td>\n<td>300 litros;<\/td>\n<\/tr>\n<tr>\n<td>Tama\u00f1o (L*An*Al)<\/td>\n<td>4,2*1,4*2,9 m;<\/td>\n<\/tr>\n<tr>\n<td>Peso<\/td>\n<td>6T.<\/td>\n<\/tr>\n<\/tbody>\n<\/table>\n<p><!-- Product Specifications Table --><\/p>\n<h3>Especificaciones del producto<\/h3>\n<table class=\"isbm-table\">\n<thead>\n<tr>\n<th>Art\u00edculo<\/th>\n<th>Unidad<\/th>\n<th>Valor<\/th>\n<\/tr>\n<\/thead>\n<tbody>\n<tr>\n<td>Nombre<\/td>\n<td><\/td>\n<td>M\u00e1quina de moldeo por soplado y estirado por inyecci\u00f3n de un solo paso (4 estaciones)<\/td>\n<\/tr>\n<tr>\n<td>Modelo<\/td>\n<td><\/td>\n<td>HGY150-V4<\/td>\n<\/tr>\n<tr>\n<td>Fabricante<\/td>\n<td><\/td>\n<td>HENGGANG<\/td>\n<\/tr>\n<tr>\n<td>Material<\/td>\n<td><\/td>\n<td>PET\/PETG<\/td>\n<\/tr>\n<tr>\n<td>Di\u00e1metro del tornillo<\/td>\n<td>MM<\/td>\n<td>40 50 55 60<\/td>\n<\/tr>\n<tr>\n<td>Volumen de inyecci\u00f3n te\u00f3rico<\/td>\n<td>CM\u00b3<\/td>\n<td>180 310 380 480<\/td>\n<\/tr>\n<tr>\n<td>Velocidad de rotaci\u00f3n del tornillo (RPM)<\/td>\n<td>r\/min<\/td>\n<td>270 180 150 ~ 220<\/td>\n<\/tr>\n<tr>\n<td>Fuerza de sujeci\u00f3n por inyecci\u00f3n<\/td>\n<td>KN<\/td>\n<td>150<\/td>\n<\/tr>\n<tr>\n<td>Fuerza de sujeci\u00f3n por soplado<\/td>\n<td>KN<\/td>\n<td>200<\/td>\n<\/tr>\n<tr>\n<td>Potencia del motor<\/td>\n<td>KW<\/td>\n<td>43.2<\/td>\n<\/tr>\n<tr>\n<td>Potencia de calentamiento<\/td>\n<td>KW<\/td>\n<td>10<\/td>\n<\/tr>\n<tr>\n<td>Presi\u00f3n de soplado de aire<\/td>\n<td>Mpa<\/td>\n<td>2.0-3.5<\/td>\n<\/tr>\n<tr>\n<td>Presi\u00f3n del agua de refrigeraci\u00f3n<\/td>\n<td>Mpa<\/td>\n<td>0.4-0.6<\/td>\n<\/tr>\n<tr>\n<td>Presi\u00f3n del agua del enfriador de aceite de la m\u00e1quina<\/td>\n<td>Mpa<\/td>\n<td>0.3-0.4<\/td>\n<\/tr>\n<tr>\n<td>Temperatura del agua del enfriador de aceite de la m\u00e1quina<\/td>\n<td>\u2103<\/td>\n<td>20-25<\/td>\n<\/tr>\n<tr>\n<td>Voltaje<\/td>\n<td>V<\/td>\n<td>370-400<\/td>\n<\/tr>\n<tr>\n<td>Tama\u00f1o (L*An*Al)<\/td>\n<td>MM<\/td>\n<td>4200x1400x2900<\/td>\n<\/tr>\n<tr>\n<td>Peso<\/td>\n<td>T<\/td>\n<td>6<\/td>\n<\/tr>\n<\/tbody>\n<\/table>\n<p><!-- Product Dimensions Table --><\/p>\n<h3>Dimensiones del producto<\/h3>\n<table class=\"isbm-table\">\n<thead>\n<tr>\n<th>Cantidad<\/th>\n<th>PCS<\/th>\n<th>1<\/th>\n<th>2<\/th>\n<th>3<\/th>\n<th>4<\/th>\n<th>5<\/th>\n<th>6<\/th>\n<th>7<\/th>\n<th>8<\/th>\n<\/tr>\n<\/thead>\n<tbody>\n<tr>\n<td>Di\u00e1metro de la botella (BD)<\/td>\n<td>MM<\/td>\n<td>118<\/td>\n<td>80<\/td>\n<td>66<\/td>\n<td>54<\/td>\n<td>45<\/td>\n<td>28<\/td>\n<td>26<\/td>\n<td><\/td>\n<\/tr>\n<tr>\n<td>Altura de la botella (H)<\/td>\n<td>MM<\/td>\n<td>210<\/td>\n<td colspan=\"3\">150<\/td>\n<td colspan=\"4\">100<\/td>\n<\/tr>\n<tr>\n<td>Di\u00e1metro del cuello (E)<\/td>\n<td>MM<\/td>\n<td>83<\/td>\n<td>62<\/td>\n<td>48<\/td>\n<td>38<\/td>\n<td>32<\/td>\n<td>25<\/td>\n<td>17<\/td>\n<td>15<\/td>\n<\/tr>\n<tr>\n<td>Volumen m\u00e1ximo de la botella<\/td>\n<td>ML<\/td>\n<td>2500<\/td>\n<td>1500<\/td>\n<td>900<\/td>\n<td>400<\/td>\n<td>250<\/td>\n<td>100<\/td>\n<td>30<\/td>\n<td>20<\/td>\n<\/tr>\n<tr>\n<td>Peso m\u00e1ximo de la botella (W)<\/td>\n<td>GRAMO<\/td>\n<td>130<\/td>\n<td>65<\/td>\n<td>43<\/td>\n<td>32<\/td>\n<td>22<\/td>\n<td>18<\/td>\n<td>16<\/td>\n<td><\/td>\n<\/tr>\n<\/tbody>\n<\/table>\n<h2>Descripci\u00f3n general de la m\u00e1quina de moldeo por soplado y estirado por inyecci\u00f3n de un solo paso (4 estaciones) HGY150-V4<\/h2>\n<p>La m\u00e1quina de moldeo por inyecci\u00f3n-estirado-soplado de un solo paso (4 estaciones) HGY150-V4 es un sistema innovador para la fabricaci\u00f3n eficiente de envases de pl\u00e1stico. Esta m\u00e1quina ISBM combina inyecci\u00f3n, estiramiento y soplado en un solo ciclo, perfecta para quienes buscan comprar una m\u00e1quina de moldeo por inyecci\u00f3n-estirado-soplado de un solo paso para una producci\u00f3n optimizada. Como modelo clave, aborda<a href=\"https:\/\/isbmsolution.com\/es\/\"> M\u00e1quina ISBM<\/a> Precio competitivo y alto rendimiento. El HGY150-V4 utiliza tres sistemas de servobombas para una salida hidr\u00e1ulica estable, esencial para quienes buscan equipos de moldeo por soplado de 4 estaciones.<\/p>\n<p>Con un servomotor de 43,2 kW de WEICHI\/VICHI, ofrece movimientos centrales fiables. El PLC japon\u00e9s MILE proporciona alta estabilidad y precisi\u00f3n, gestionando los procesos con exactitud. Para quienes buscan una m\u00e1quina ISBM con control avanzado, este modelo destaca por su funcionamiento fluido.<\/p>\n<h2>Configuraci\u00f3n y control de potencia en la m\u00e1quina de moldeo por soplado y estirado por inyecci\u00f3n de un solo paso (4 estaciones) HGY150-V4<\/h2>\n<p>El sistema de alimentaci\u00f3n incluye motores de 43,2 kW, lo que garantiza un rendimiento constante. El PLC MILE importado garantiza la inmunidad a las interferencias y la precisi\u00f3n del control. Esto hace que el HGY150-V4 sea adecuado para las especificaciones que requieren fiabilidad en entornos industriales.<\/p>\n<p>La caja de control integrada ofrece una alta integraci\u00f3n, mientras que la presi\u00f3n hidr\u00e1ulica utiliza v\u00e1lvulas YUKEN de Taiw\u00e1n para un ajuste preciso. Las tuber\u00edas de aceite de Italia proporcionan resistencia a la corrosi\u00f3n, lo que aumenta la durabilidad.<\/p>\n<h2>Estructura mec\u00e1nica y componentes de la m\u00e1quina de moldeo por soplado y estirado por inyecci\u00f3n de un solo paso (4 estaciones) HGY150-V4<\/h2>\n<p>La plataforma giratoria incorpora un servomotor japon\u00e9s Yakagawa y una placa indexadora taiwanesa para una alta precisi\u00f3n. El servomotor WEICHI con reductor garantiza un bajo nivel de ruido y una alta eficiencia. Las v\u00e1lvulas estadounidenses Parker soportan altas presiones y los cilindros AirTAC mantienen un funcionamiento estable. Estas caracter\u00edsticas posicionan a la HGY150-V4 como la mejor opci\u00f3n de un fabricante de m\u00e1quinas ISBM para operaciones robustas.<\/p>\n<p>El sistema de sujeci\u00f3n dual hidr\u00e1ulico o servoaccionado con compensaci\u00f3n permite un control preciso de la fuerza, fundamental para la calidad en los equipos ISBM de alta eficiencia energ\u00e9tica para el envasado de cosm\u00e9ticos. El anillo calefactor nano-infrarrojo de 10 kW ofrece una temperatura uniforme para la plastificaci\u00f3n del material.<\/p>\n<h2>Funciones integradas de control y calentamiento en la m\u00e1quina de moldeo por soplado y estirado por inyecci\u00f3n de un solo paso (4 estaciones) HGY150-V4<\/h2>\n<p>El sistema de control ofrece precisi\u00f3n y facilidad de uso, con opciones de regulaci\u00f3n de temperatura integrada. Esta caracter\u00edstica es clave para la m\u00e1quina de moldeo por soplado y estirado por inyecci\u00f3n en un solo paso para botellas de PET, lo que garantiza un procesamiento \u00f3ptimo.<\/p>\n<p>La unidad de inyecci\u00f3n utiliza un sistema de control de cilindro \u00fanico, con flexibilidad para accionamiento hidr\u00e1ulico o servoaccionado. La compatibilidad del molde con ASB-12M aumenta la versatilidad para diferentes especificaciones.<\/p>\n<h2><img loading=\"lazy\" decoding=\"async\" class=\"wp-image-242 aligncenter\" src=\"https:\/\/isbmsolution.com\/wp-content\/uploads\/2026\/03\/One-step-Injection-Stretch-Blowing-Mould.webp\" alt=\"Molde de soplado por inyecci\u00f3n y estiramiento en un solo paso\" width=\"600\" height=\"789\" srcset=\"https:\/\/isbmsolution.com\/wp-content\/uploads\/2026\/03\/One-step-Injection-Stretch-Blowing-Mould.webp 600w, https:\/\/isbmsolution.com\/wp-content\/uploads\/2026\/03\/One-step-Injection-Stretch-Blowing-Mould-480x631.webp 480w\" sizes=\"(min-width: 0px) and (max-width: 480px) 480px, (min-width: 481px) 600px, 100vw\" \/><\/h2>\n<h2>Eficiencia energ\u00e9tica y par\u00e1metros operativos de la m\u00e1quina de moldeo por soplado y estirado por inyecci\u00f3n de un solo paso (4 estaciones) HGY150-V4<\/h2>\n<p>Con una potencia total de 53,2 kW, este modelo equilibra eficiencia y ahorro. Es compatible con una amplia gama de productos, incluyendo envases cosm\u00e9ticos como frascos para el cuidado de la piel, que garantizan su durabilidad. En el sector de las bebidas, produce botellas de PET de hasta 2500 ml con sellado herm\u00e9tico.<\/p>\n<p>Para el envasado de aceite, fabrica botellas resistentes. Los frascos de boca ancha para alimentos facilitan su almacenamiento. Los envases farmac\u00e9uticos cumplen con las normas y los productos para beb\u00e9s utilizan materiales seguros y resistentes al calor.<\/p>\n<h2>Versatilidad de producto en la m\u00e1quina de moldeo por soplado y estirado por inyecci\u00f3n de un solo paso (4 estaciones) HGY150-V4<\/h2>\n<p>La HGY150-V4 procesa diversos art\u00edculos, desde frascos de perfume hasta envases de jugo. Su dise\u00f1o de 4 estaciones la convierte en la m\u00e1quina de reemplazo ISBM de 4 estaciones para ASB AOKI, ofreciendo mayor eficiencia y compatibilidad.<\/p>\n<p>En cosm\u00e9tica, garantiza un envase transparente. Las bebidas se benefician de su ligereza. Los envases de aceite priorizan la resistencia. Los tarros de comida facilitan el llenado. Los productos farmac\u00e9uticos cumplen con la normativa. Los art\u00edculos para beb\u00e9s priorizan la seguridad.<\/p>\n<h2><img loading=\"lazy\" decoding=\"async\" class=\"wp-image-243 aligncenter\" src=\"https:\/\/isbmsolution.com\/wp-content\/uploads\/2026\/03\/production-result.webp\" alt=\"Resultado de la producci\u00f3n de la m\u00e1quina de moldeo por inyecci\u00f3n-estirado-soplado\" width=\"600\" height=\"747\" srcset=\"https:\/\/isbmsolution.com\/wp-content\/uploads\/2026\/03\/production-result.webp 600w, https:\/\/isbmsolution.com\/wp-content\/uploads\/2026\/03\/production-result-480x597.webp 480w\" sizes=\"(min-width: 0px) and (max-width: 480px) 480px, (min-width: 481px) 600px, 100vw\" \/><\/h2>\n<h2>Estudios de caso para la m\u00e1quina de moldeo por soplado y estirado por inyecci\u00f3n de un solo paso (4 estaciones) HGY150-V4<\/h2>\n<p>Una planta de bebidas de Guangzhou integr\u00f3 esta m\u00e1quina, aumentando su capacidad en 301 TP3T y reduciendo el consumo de energ\u00eda en 251 TP3T. Una planta de cosm\u00e9ticos de Shanghai reemplaz\u00f3 el sistema ASB, reduciendo los costos en 201 TP3T y mejorando la transparencia de las botellas.<\/p>\n<p>En Pek\u00edn, una empresa farmac\u00e9utica lo utiliz\u00f3 para la fabricaci\u00f3n de frascos de medicamentos, logrando el cumplimiento de las Buenas Pr\u00e1cticas de Fabricaci\u00f3n (BPF) y una mejora en la eficiencia seg\u00fan la norma 15%. Los productores de alimentos de Shenzhen observaron una mayor uniformidad en los frascos de salsas. Los fabricantes de productos para beb\u00e9s de Qingdao informaron de una mayor seguridad del producto y una mayor consistencia en la producci\u00f3n.<\/p>\n<h2>Argentina Ever-power ISBM Machinery Co., Ltd.: Innovadores en tecnolog\u00eda de moldeo.<\/h2>\n<p>Fundada en 2005 en Buenos Aires y expandida en 2018 con una base de m\u00e1s de 15\u00a0000 m\u00b2 en C\u00f3rdoba, nos especializamos en I+D de ISBM. Con m\u00e1s de 20 a\u00f1os de experiencia y patentes, ofrecemos soluciones multimateriales para cosm\u00e9ticos y bebidas. Nuestros modelos incluyen EP-70V4 (4 estaciones, 2500 ml), EP-50V3-EV (3 estaciones de precisi\u00f3n) y EP-150V4 (capacidad hidr\u00e1ulica). Nuestra innovaci\u00f3n garantiza un servicio integral, colaborando con Cestbon y Est\u00e9e Lauder para ofrecer la m\u00e1xima fiabilidad.<\/p>\n<h3><img loading=\"lazy\" decoding=\"async\" class=\"wp-image-209 aligncenter\" src=\"https:\/\/isbmsolution.com\/wp-content\/uploads\/2026\/02\/company-factory2-1.webp\" alt=\"fabricante de m\u00e1quinas de moldeo por soplado y estirado por inyecci\u00f3n\" width=\"801\" height=\"298\" srcset=\"https:\/\/isbmsolution.com\/wp-content\/uploads\/2026\/02\/company-factory2-1.webp 801w, https:\/\/isbmsolution.com\/wp-content\/uploads\/2026\/02\/company-factory2-1-480x179.webp 480w\" sizes=\"(min-width: 0px) and (max-width: 480px) 480px, (min-width: 481px) 801px, 100vw\" \/><\/h3>\n<h3>Rese\u00f1as de usuarios de todo el mundo<\/h3>\n<p>Cliente de Los \u00c1ngeles: \u201cEsta m\u00e1quina ha funcionado bien en nuestra l\u00ednea de embotellado. Es estable y cambiar los moldes no es demasiado complicado\u201d.<\/p>\n<p>Cliente de Tokio: \u201cLo usamos para empaquetar y se adapta bastante bien. El resultado es uniforme, aunque al principio tuvimos que ajustar algunos par\u00e1metros.\u201d<\/p>\n<p>Cliente de Shangh\u00e1i: \u201cPara nuestra producci\u00f3n, funciona perfectamente. Las facturas de electricidad son algo m\u00e1s bajas y el mantenimiento es sencillo.\u201d<\/p>\n<p>Cliente de Londres: \u201cManeja nuestros frascos sin problemas. Las opciones de tama\u00f1o son \u00fatiles, aunque la configuraci\u00f3n tard\u00f3 un d\u00eda\u201d.<\/p>\n<p>Cliente de S\u00e3o Paulo: \u201cEn nuestra configuraci\u00f3n, la m\u00e1quina cumple con nuestras necesidades. Es fiable para los recorridos diarios, con paradas m\u00ednimas.\u201d<\/p>","protected":false},"excerpt":{"rendered":"<p dir=\"auto\">La m\u00e1quina de moldeo por inyecci\u00f3n-estirado-soplado de un solo paso con servomotor completo (3 estaciones) HGY50-V3-EV es un sistema ISBM de ingenier\u00eda de precisi\u00f3n que integra los procesos de inyecci\u00f3n, estirado y soplado para la producci\u00f3n eficiente de envases de PET\/PETG. Con un control servo de cinco ejes, una potencia de motor de 34,8 kW, un PLC MILE japon\u00e9s y un consumo total de 45,2 kW, garantiza una alta estabilidad, eficiencia energ\u00e9tica y compatibilidad como reemplazo de ASB\/AOKI. Ideal para cosm\u00e9ticos, bebidas, productos farmac\u00e9uticos, envases de alimentos y productos para beb\u00e9s, admite vol\u00famenes de 100 ml a 2500 ml con m\u00ednimos defectos.<\/p>","protected":false},"featured_media":246,"comment_status":"open","ping_status":"closed","template":"","meta":{"_et_pb_use_builder":"","_et_pb_old_content":"","_et_gb_content_width":""},"product_brand":[],"product_cat":[19],"product_tag":[20],"class_list":{"0":"post-247","1":"product","2":"type-product","3":"status-publish","4":"has-post-thumbnail","6":"product_cat-injection-stretch-blow-molding-machine","7":"product_tag-injection-stretch-blow-molding-machine","9":"first","10":"instock","11":"shipping-taxable","12":"product-type-simple"},"_links":{"self":[{"href":"https:\/\/isbmsolution.com\/es\/wp-json\/wp\/v2\/product\/247","targetHints":{"allow":["GET"]}}],"collection":[{"href":"https:\/\/isbmsolution.com\/es\/wp-json\/wp\/v2\/product"}],"about":[{"href":"https:\/\/isbmsolution.com\/es\/wp-json\/wp\/v2\/types\/product"}],"replies":[{"embeddable":true,"href":"https:\/\/isbmsolution.com\/es\/wp-json\/wp\/v2\/comments?post=247"}],"wp:featuredmedia":[{"embeddable":true,"href":"https:\/\/isbmsolution.com\/es\/wp-json\/wp\/v2\/media\/246"}],"wp:attachment":[{"href":"https:\/\/isbmsolution.com\/es\/wp-json\/wp\/v2\/media?parent=247"}],"wp:term":[{"taxonomy":"product_brand","embeddable":true,"href":"https:\/\/isbmsolution.com\/es\/wp-json\/wp\/v2\/product_brand?post=247"},{"taxonomy":"product_cat","embeddable":true,"href":"https:\/\/isbmsolution.com\/es\/wp-json\/wp\/v2\/product_cat?post=247"},{"taxonomy":"product_tag","embeddable":true,"href":"https:\/\/isbmsolution.com\/es\/wp-json\/wp\/v2\/product_tag?post=247"}],"curies":[{"name":"wp","href":"https:\/\/api.w.org\/{rel}","templated":true}]}}