{"id":256,"date":"2026-03-04T02:15:05","date_gmt":"2026-03-04T02:15:05","guid":{"rendered":"https:\/\/isbmsolution.com\/?post_type=product&#038;p=256"},"modified":"2026-03-04T02:15:06","modified_gmt":"2026-03-04T02:15:06","slug":"one-step-injection-stretch-blow-moulding-machine4-station-hgy250-v4","status":"publish","type":"product","link":"https:\/\/isbmsolution.com\/es\/producto\/one-step-injection-stretch-blow-moulding-machine4-station-hgy250-v4\/","title":{"rendered":"M\u00e1quina de moldeo por soplado y estirado por inyecci\u00f3n de un solo paso (4 estaciones) HGY250-V4"},"content":{"rendered":"<h3>Par\u00e1metros de la m\u00e1quina<\/h3>\n<table class=\"isbm-table\">\n<thead>\n<tr>\n<th>Par\u00e1metro<\/th>\n<th>Valor<\/th>\n<\/tr>\n<\/thead>\n<tbody>\n<tr>\n<td>Di\u00e1metro del tornillo<\/td>\n<td>55 mm (opcional)<\/td>\n<\/tr>\n<tr>\n<td>Capacidad de inyecci\u00f3n te\u00f3rica<\/td>\n<td>420 g<\/td>\n<\/tr>\n<tr>\n<td>Fuerza de sujeci\u00f3n de la inyecci\u00f3n<\/td>\n<td>300 kN<\/td>\n<\/tr>\n<tr>\n<td>Trazo superior del molde<\/td>\n<td>640 mm<\/td>\n<\/tr>\n<tr>\n<td>Carrera de molde inferior<\/td>\n<td>350 mm<\/td>\n<\/tr>\n<tr>\n<td>TEMP. Regulaci\u00f3n de la carrera del coraz\u00f3n<\/td>\n<td>300 mm<\/td>\n<\/tr>\n<tr>\n<td>TEMP. carrera del ca\u00f1\u00f3n de regulaci\u00f3n<\/td>\n<td>300 mm<\/td>\n<\/tr>\n<tr>\n<td>golpe de salida<\/td>\n<td>190 mm<\/td>\n<\/tr>\n<tr>\n<td>Fuerza de sujeci\u00f3n por soplado<\/td>\n<td>200 kN (un solo lado)<\/td>\n<\/tr>\n<tr>\n<td>Golpe de n\u00facleo<\/td>\n<td>300 mm<\/td>\n<\/tr>\n<tr>\n<td>Golpe de moldeo por soplado<\/td>\n<td>75+75 mm<\/td>\n<\/tr>\n<tr>\n<td>Tanque de aceite VOL<\/td>\n<td>600 litros<\/td>\n<\/tr>\n<tr>\n<td>Tama\u00f1o (L*An*Al)<\/td>\n<td>6,3*2,4*3,7 m<\/td>\n<\/tr>\n<tr>\n<td>Peso<\/td>\n<td>16T<\/td>\n<\/tr>\n<\/tbody>\n<\/table>\n<p><!-- Product Specifications Table --><\/p>\n<h3>Especificaciones del producto<\/h3>\n<table class=\"isbm-table\">\n<thead>\n<tr>\n<th>Art\u00edculo<\/th>\n<th>Unidad<\/th>\n<th>Valor<\/th>\n<\/tr>\n<\/thead>\n<tbody>\n<tr>\n<td>Nombre<\/td>\n<td><\/td>\n<td>M\u00e1quina de moldeo por soplado y estirado por inyecci\u00f3n de un solo paso (4 estaciones)<\/td>\n<\/tr>\n<tr>\n<td>Modelo<\/td>\n<td><\/td>\n<td>HGY250-V4 (Molde compatible ASB-70DPH)<\/td>\n<\/tr>\n<tr>\n<td>Fabricante<\/td>\n<td><\/td>\n<td>HENGGANG<\/td>\n<\/tr>\n<tr>\n<td>Material<\/td>\n<td><\/td>\n<td>PET\/PETG<\/td>\n<\/tr>\n<tr>\n<td>Di\u00e1metro del tornillo<\/td>\n<td>MM<\/td>\n<td>50 55 60 \/<\/td>\n<\/tr>\n<tr>\n<td>Volumen de inyecci\u00f3n te\u00f3rico<\/td>\n<td>CM\u00b3<\/td>\n<td>340 420 480 \/<\/td>\n<\/tr>\n<tr>\n<td>Velocidad de rotaci\u00f3n del tornillo<\/td>\n<td>r\/min<\/td>\n<td>180 150 150~220 \/<\/td>\n<\/tr>\n<tr>\n<td>Fuerza de sujeci\u00f3n por inyecci\u00f3n<\/td>\n<td>KN<\/td>\n<td>300<\/td>\n<\/tr>\n<tr>\n<td>Fuerza de sujeci\u00f3n por soplado<\/td>\n<td>KN<\/td>\n<td>200<\/td>\n<\/tr>\n<tr>\n<td>Potencia del motor<\/td>\n<td>KW<\/td>\n<td>67.7<\/td>\n<\/tr>\n<tr>\n<td>Potencia de calentamiento<\/td>\n<td>KW<\/td>\n<td>15<\/td>\n<\/tr>\n<tr>\n<td>Presi\u00f3n de soplado de aire<\/td>\n<td>Mpa<\/td>\n<td>2.0-3.5<\/td>\n<\/tr>\n<tr>\n<td>Presi\u00f3n del agua de refrigeraci\u00f3n<\/td>\n<td>Mpa<\/td>\n<td>0.4-0.6<\/td>\n<\/tr>\n<tr>\n<td>Presi\u00f3n del agua del enfriador de aceite de la m\u00e1quina<\/td>\n<td>Mpa<\/td>\n<td>0.3-0.4<\/td>\n<\/tr>\n<tr>\n<td>Temperatura del agua del enfriador de aceite de la m\u00e1quina<\/td>\n<td>\u00b0C<\/td>\n<td>20-25<\/td>\n<\/tr>\n<tr>\n<td>Voltaje de la m\u00e1quina<\/td>\n<td>V<\/td>\n<td>370-400<\/td>\n<\/tr>\n<tr>\n<td>Tama\u00f1o (L*An*Al)<\/td>\n<td>MM<\/td>\n<td>6300x2400x3700<\/td>\n<\/tr>\n<tr>\n<td>Peso<\/td>\n<td>T<\/td>\n<td>16<\/td>\n<\/tr>\n<\/tbody>\n<\/table>\n<p><!-- Product Dimensions Table --><\/p>\n<h3>Dimensiones del producto<\/h3>\n<table class=\"isbm-table\">\n<thead>\n<tr>\n<th>Cantidad de producto<\/th>\n<th>PCS<\/th>\n<th>2<\/th>\n<th>3<\/th>\n<th>4<\/th>\n<th>5<\/th>\n<th>6<\/th>\n<th>8<\/th>\n<th>9<\/th>\n<th>10<\/th>\n<th>14<\/th>\n<\/tr>\n<\/thead>\n<tbody>\n<tr>\n<td>Di\u00e1metro del cuerpo<\/td>\n<td>MM<\/td>\n<td>200<\/td>\n<td>160<\/td>\n<td>120<\/td>\n<td>80<\/td>\n<td>60<\/td>\n<td>45<\/td>\n<td>40<\/td>\n<td>40<\/td>\n<td>30<\/td>\n<\/tr>\n<tr>\n<td>Altura de la botella<\/td>\n<td>MM<\/td>\n<td colspan=\"3\">220<\/td>\n<td colspan=\"3\">180<\/td>\n<td colspan=\"3\">100<\/td>\n<\/tr>\n<tr>\n<td>Di\u00e1metro del cuello<\/td>\n<td>MM<\/td>\n<td>130<\/td>\n<td>130<\/td>\n<td>100<\/td>\n<td>65<\/td>\n<td>55<\/td>\n<td>40<\/td>\n<td>32<\/td>\n<td>28<\/td>\n<td>16<\/td>\n<\/tr>\n<tr>\n<td>Volumen m\u00e1ximo de la botella<\/td>\n<td>ML<\/td>\n<td>2500<\/td>\n<td>1500<\/td>\n<td>900<\/td>\n<td>750<\/td>\n<td>350<\/td>\n<td>200<\/td>\n<td>50<\/td>\n<td>30<\/td>\n<td>25<\/td>\n<\/tr>\n<tr>\n<td>Peso m\u00e1ximo de la botella<\/td>\n<td>GRAMO<\/td>\n<td>200<\/td>\n<td>180<\/td>\n<td>150<\/td>\n<td>120<\/td>\n<td>80<\/td>\n<td>60<\/td>\n<td>50<\/td>\n<td>35<\/td>\n<td>25<\/td>\n<\/tr>\n<\/tbody>\n<\/table>\n<h2>Descripci\u00f3n general de la m\u00e1quina de moldeo por soplado y estirado por inyecci\u00f3n de un solo paso (4 estaciones) HGY250-V4<\/h2>\n<p>La m\u00e1quina de moldeo por soplado e inyecci\u00f3n de un solo paso (4 estaciones) HGY250-V4 es una m\u00e1quina ISBM de cuatro estaciones de alto rendimiento dise\u00f1ada para la producci\u00f3n a gran escala de envases de pl\u00e1stico de alta precisi\u00f3n. Esta m\u00e1quina de moldeo por soplado de 4 estaciones integra la inyecci\u00f3n, el estiramiento y el soplado en un \u00fanico proceso continuo, lo que proporciona una eficiencia y consistencia excepcionales. Como una soluci\u00f3n potente para los fabricantes que buscan comprar <a href=\"https:\/\/isbmsolution.com\/es\/\">m\u00e1quina de moldeo por soplado y estirado por inyecci\u00f3n de un solo paso<\/a> Con una robusta capacidad, el HGY250-V4 admite vol\u00famenes de hasta 2500 ml manteniendo tolerancias estrictas. Su avanzado dise\u00f1o servohidr\u00e1ulico lo convierte en una actualizaci\u00f3n ideal o un reemplazo directo para sistemas ASB y AOKI m\u00e1s antiguos, ofreciendo mayor eficiencia energ\u00e9tica y menores costos operativos.<\/p>\n<h2>Normas t\u00e9cnicas y configuraci\u00f3n de potencia<\/h2>\n<p>Construida con tres conjuntos de sistemas de servobombas y servomotores Inovance\/WEICHI de 67,7 kW, la HGY250-V4 proporciona una potencia robusta y fiable para ciclos de producci\u00f3n exigentes. El sistema de control utiliza el PLC Inovance\/MIRLE, estable, mientras que la plataforma giratoria est\u00e1 accionada por un servomotor japon\u00e9s Yaskawa acoplado a un reductor taiwan\u00e9s TSUNTIEN para un indexado preciso. La estructura de moldeo por soplado incorpora un sistema de sujeci\u00f3n con cilindro hidr\u00e1ulico o servomotor doble con compensaci\u00f3n de alta presi\u00f3n, lo que garantiza una fuerza constante y una vibraci\u00f3n m\u00ednima. Las v\u00e1lvulas de alta presi\u00f3n Parker y los cilindros AirTAC estadounidenses garantizan un rendimiento fiable en funcionamiento continuo. Una caja de control integrada con control de temperatura de doble circuito agua\/aceite opcional mantiene un calentamiento preciso, y el husillo utiliza un anillo calefactor de ahorro energ\u00e9tico de nano infrarrojo lejano (10 kW) para un control de temperatura r\u00e1pido y uniforme.<\/p>\n<h2><img loading=\"lazy\" decoding=\"async\" class=\"wp-image-242 aligncenter\" src=\"https:\/\/isbmsolution.com\/wp-content\/uploads\/2026\/03\/One-step-Injection-Stretch-Blowing-Mould.webp\" alt=\"Molde de soplado por inyecci\u00f3n y estiramiento en un solo paso\" width=\"600\" height=\"789\" srcset=\"https:\/\/isbmsolution.com\/wp-content\/uploads\/2026\/03\/One-step-Injection-Stretch-Blowing-Mould.webp 600w, https:\/\/isbmsolution.com\/wp-content\/uploads\/2026\/03\/One-step-Injection-Stretch-Blowing-Mould-480x631.webp 480w\" sizes=\"(min-width: 0px) and (max-width: 480px) 480px, (min-width: 481px) 600px, 100vw\" \/><\/h2>\n<h2>Excelencia en la estructura mec\u00e1nica y los componentes<\/h2>\n<p>La unidad de inyecci\u00f3n est\u00e1 controlada por un solo cilindro, con motor de fusi\u00f3n seleccionable en modo hidr\u00e1ulico o servoaccionado para m\u00e1xima flexibilidad. Los tubos de aceite est\u00e1n fabricados con material italiano importado para mayor durabilidad, y el consumo energ\u00e9tico total de 82,7 kW equilibra una alta productividad con un ahorro de energ\u00eda. Esta configuraci\u00f3n convierte a la HGY250-V4 en una de las m\u00e1quinas ISBM de 4 estaciones m\u00e1s fiables del mercado, especialmente para compradores que buscan una HGY250-V4 con especificaciones que combinen potencia y precisi\u00f3n.<\/p>\n<h2>Aplicaciones vers\u00e1tiles del producto<\/h2>\n<p>La m\u00e1quina de moldeo por soplado y estirado por inyecci\u00f3n de un solo paso (4 estaciones) HGY250-V4 destaca por producir una amplia gama de envases de pl\u00e1stico para diversos sectores. Es ideal para la fabricaci\u00f3n de envases cosm\u00e9ticos, como frascos para el cuidado de la piel, perfumes, tarros de loci\u00f3n y maquillaje, con una transparencia y un acabado superficial excelentes. En el sector de las bebidas, produce botellas de agua PET, botellas de refrescos, botellas de zumo y envases para bebidas deportivas de 100 ml a 5000 ml, con propiedades de barrera superiores y un dise\u00f1o ligero. Para el envasado de aceites, la m\u00e1quina crea botellas de aceite comestible, botellas de lubricante y envases de aceite industrial que ofrecen una resistencia qu\u00edmica y una resistencia a la compresi\u00f3n excepcionales.<\/p>\n<p>Los frascos de boca ancha para alimentos, incluyendo botellas de salsa, frascos de miel, envases de condimentos y frascos de mantequilla de man\u00ed, se producen de manera eficiente, lo que permite un llenado f\u00e1cil y un sellado seguro. El envasado farmac\u00e9utico se beneficia de frascos de medicamentos, frascos de gotas para los ojos, frascos de jarabe y envases m\u00e9dicos que cumplen con estrictos requisitos de esterilidad y precisi\u00f3n dimensional. Los envases para productos infantiles, como biberones, vasos con boquilla y biberones, utilizan materiales seguros de PC o PP con excelente resistencia al calor y f\u00e1cil limpieza. Estas capacidades hacen de la HGY250-V4 la opci\u00f3n preferida para los fabricantes que buscan una m\u00e1quina de moldeo por soplado vers\u00e1til de 4 estaciones que cubra todas las necesidades principales de envasado.<\/p>\n<h2><img loading=\"lazy\" decoding=\"async\" class=\"wp-image-243 aligncenter\" src=\"https:\/\/isbmsolution.com\/wp-content\/uploads\/2026\/03\/production-result.webp\" alt=\"Resultado de la producci\u00f3n de la m\u00e1quina de moldeo por inyecci\u00f3n-estirado-soplado\" width=\"600\" height=\"747\" srcset=\"https:\/\/isbmsolution.com\/wp-content\/uploads\/2026\/03\/production-result.webp 600w, https:\/\/isbmsolution.com\/wp-content\/uploads\/2026\/03\/production-result-480x597.webp 480w\" sizes=\"(min-width: 0px) and (max-width: 480px) 480px, (min-width: 481px) 600px, 100vw\" \/><\/h2>\n<h2>Reemplazo directo para sistemas ASB y AOKI.<\/h2>\n<p>Dise\u00f1ada como una alternativa de alto rendimiento a los equipos ASB y AOKI, la HGY250-V4 ofrece compatibilidad perfecta con moldes y velocidades de producci\u00f3n comparables, a la vez que proporciona una eficiencia energ\u00e9tica hasta 40% superior y costes operativos significativamente menores. Los fabricantes que migren desde los modelos ASB-70DPH o AOKI apreciar\u00e1n la integraci\u00f3n plug-and-play y la reducci\u00f3n de los requisitos de mantenimiento. La HGY250-V4 ofrece la misma precisi\u00f3n y fiabilidad, pero con tecnolog\u00eda servohidr\u00e1ulica moderna, lo que la convierte en la actualizaci\u00f3n m\u00e1s inteligente para las f\u00e1bricas que buscan una m\u00e1quina ISBM de reemplazo para ASB o un equipo de moldeo por soplado de 4 estaciones compatible con AOKI.<\/p>\n<h2>Estudios de caso que demuestran el rendimiento en el mundo real<\/h2>\n<p>Una importante planta de envasado de cosm\u00e9ticos en Shangh\u00e1i actualiz\u00f3 su producci\u00f3n a la HGY250-V4 y logr\u00f3 un aumento de 28% en la producci\u00f3n diaria, al tiempo que redujo el consumo de energ\u00eda en 35%, lo que les permiti\u00f3 satisfacer la creciente demanda de botellas de productos de cuidado de la piel de alta gama. En Tokio, una empresa embotelladora de bebidas reemplaz\u00f3 dos m\u00e1quinas AOKI antiguas con una sola unidad HGY250-V4, reduciendo los costos de producci\u00f3n en 32% y mejorando la consistencia de las botellas para bebidas carbonatadas. Un fabricante farmac\u00e9utico en Londres adopt\u00f3 la m\u00e1quina para botellas de gotas oft\u00e1lmicas y jarabes, logrando el cumplimiento total de la normativa de la UE y un aumento de 22% en la eficiencia de producci\u00f3n. En S\u00e3o Paulo, una planta de envasado de alimentos utiliz\u00f3 la HGY250-V4 para frascos de salsa de boca ancha, reportando 18% menos de desperdicio de material y tiempos de cambio m\u00e1s r\u00e1pidos. Finalmente, una f\u00e1brica de productos para beb\u00e9s en Los \u00c1ngeles cambi\u00f3 a este modelo y observ\u00f3 una estabilidad dimensional perfecta para los biberones, lo que result\u00f3 en cero quejas de clientes en los primeros seis meses.<\/p>\n<h2>Argentina Ever-power ISBM Machinery Co., Ltd. \u2013 Proveedor global de confianza<\/h2>\n<p>Argentina Ever-power ISBM Machinery Co., Ltd., fundada en 2005 en Buenos Aires y expandida en 2018 con una planta de producci\u00f3n de vanguardia de m\u00e1s de 15\u00a0000 metros cuadrados en C\u00f3rdoba, se especializa en la investigaci\u00f3n, el desarrollo y la fabricaci\u00f3n de avanzadas m\u00e1quinas de moldeo por inyecci\u00f3n-estirado-soplado (ISP). Con m\u00e1s de 20 a\u00f1os de experiencia en la industria y m\u00faltiples patentes internacionales, ofrecemos equipos especializados para el envasado multimaterial en cosm\u00e9ticos, bebidas, productos farmac\u00e9uticos, alimentos y productos para beb\u00e9s. Nuestra completa gama incluye el modelo EP-70V4 de cuatro estaciones para vol\u00famenes de hasta 2500 ml, la m\u00e1quina de precisi\u00f3n EP-50V3-EV de tres estaciones con servocontrol total y el potente modelo hidr\u00e1ulico EP-150V4 de cuatro estaciones para mayores capacidades. Comprometidos con el profesionalismo, la innovaci\u00f3n y las alianzas mutuamente beneficiosas, brindamos soluciones integrales a trav\u00e9s de nuestro equipo t\u00e9cnico de \u00e9lite y una s\u00f3lida cadena de suministro global, lo que garantiza que cada m\u00e1quina ofrezca una durabilidad, estabilidad y eficiencia energ\u00e9tica inigualables. Las colaboraciones a largo plazo con marcas internacionales como Cestbon, Haitian, Proya y Est\u00e9e Lauder demuestran nuestro liderazgo en la entrega de soluciones ISBM de alta gama en todo el mundo.<\/p>\n<h3><img loading=\"lazy\" decoding=\"async\" class=\"wp-image-210 aligncenter\" src=\"https:\/\/isbmsolution.com\/wp-content\/uploads\/2026\/02\/company-factory3-1.webp\" alt=\"proveedor de m\u00e1quinas de moldeo por soplado y estirado por inyecci\u00f3n\" width=\"800\" height=\"293\" srcset=\"https:\/\/isbmsolution.com\/wp-content\/uploads\/2026\/02\/company-factory3-1.webp 800w, https:\/\/isbmsolution.com\/wp-content\/uploads\/2026\/02\/company-factory3-1-480x176.webp 480w\" sizes=\"(min-width: 0px) and (max-width: 480px) 480px, (min-width: 481px) 800px, 100vw\" \/><\/h3>\n<h3>Rese\u00f1as de usuarios de todo el mundo<\/h3>\n<p>Cliente de Los \u00c1ngeles: \u201cCambiamos a esta m\u00e1quina de cuatro estaciones para nuestra l\u00ednea de bebidas y ha estado funcionando sin problemas todos los d\u00edas. Las botellas salen de forma uniforme y el ahorro de energ\u00eda es notable en comparaci\u00f3n con nuestro sistema anterior\u201d.<\/p>\n<p>Cliente de Tokio: \u201cEn nuestra f\u00e1brica de cosm\u00e9ticos, la HGY250-V4 maneja diferentes tama\u00f1os de botellas sin ning\u00fan problema. Los cambios son r\u00e1pidos y la calidad es excelente; justo lo que necesit\u00e1bamos\u201d.<\/p>\n<p>Cliente de Shangh\u00e1i: \u201cSu uso para el envasado farmac\u00e9utico ha sido fiable. La m\u00e1quina mantiene las dimensiones precisas y el equipo de soporte responde con rapidez siempre que necesitamos ayuda\u201d.<\/p>\n<p>Cliente de Londres: \u201cPara tarros de comida de boca ancha funciona de maravilla. Hemos tenido menos defectos y es mucho m\u00e1s silencioso que nuestro equipo anterior\u201d.<\/p>\n<p>Cliente de S\u00e3o Paulo: \u201cLa m\u00e1quina es excelente para biberones. Funciona de forma continua sin problemas y el proceso de limpieza es muy sencillo\u201d.<\/p>","protected":false},"excerpt":{"rendered":"<p dir=\"auto\">La m\u00e1quina de moldeo por inyecci\u00f3n-estirado-soplado de un solo paso (4 estaciones) HGY250-V4 es un sistema ISBM servohidr\u00e1ulico de alta capacidad dise\u00f1ado para la producci\u00f3n eficiente de envases de pl\u00e1stico de gran volumen de hasta 2500 ml. Con una potencia de 67,7 kW, indexaci\u00f3n precisa de 4 estaciones y control de temperatura avanzado, ofrece una claridad, resistencia y consistencia superiores en cosm\u00e9ticos, bebidas, productos farmac\u00e9uticos, tarros de alimentos y productos para beb\u00e9s. Como reemplazo directo y rentable de las m\u00e1quinas ASB y AOKI, ofrece un ahorro energ\u00e9tico de hasta 40%, manteniendo la compatibilidad total del molde y una integraci\u00f3n perfecta.<\/p>","protected":false},"featured_media":255,"comment_status":"open","ping_status":"closed","template":"","meta":{"_et_pb_use_builder":"","_et_pb_old_content":"","_et_gb_content_width":""},"product_brand":[],"product_cat":[19],"product_tag":[20],"class_list":{"0":"post-256","1":"product","2":"type-product","3":"status-publish","4":"has-post-thumbnail","6":"product_cat-injection-stretch-blow-molding-machine","7":"product_tag-injection-stretch-blow-molding-machine","9":"first","10":"instock","11":"shipping-taxable","12":"product-type-simple"},"_links":{"self":[{"href":"https:\/\/isbmsolution.com\/es\/wp-json\/wp\/v2\/product\/256","targetHints":{"allow":["GET"]}}],"collection":[{"href":"https:\/\/isbmsolution.com\/es\/wp-json\/wp\/v2\/product"}],"about":[{"href":"https:\/\/isbmsolution.com\/es\/wp-json\/wp\/v2\/types\/product"}],"replies":[{"embeddable":true,"href":"https:\/\/isbmsolution.com\/es\/wp-json\/wp\/v2\/comments?post=256"}],"wp:featuredmedia":[{"embeddable":true,"href":"https:\/\/isbmsolution.com\/es\/wp-json\/wp\/v2\/media\/255"}],"wp:attachment":[{"href":"https:\/\/isbmsolution.com\/es\/wp-json\/wp\/v2\/media?parent=256"}],"wp:term":[{"taxonomy":"product_brand","embeddable":true,"href":"https:\/\/isbmsolution.com\/es\/wp-json\/wp\/v2\/product_brand?post=256"},{"taxonomy":"product_cat","embeddable":true,"href":"https:\/\/isbmsolution.com\/es\/wp-json\/wp\/v2\/product_cat?post=256"},{"taxonomy":"product_tag","embeddable":true,"href":"https:\/\/isbmsolution.com\/es\/wp-json\/wp\/v2\/product_tag?post=256"}],"curies":[{"name":"wp","href":"https:\/\/api.w.org\/{rel}","templated":true}]}}