{"id":258,"date":"2026-03-04T02:56:31","date_gmt":"2026-03-04T02:56:31","guid":{"rendered":"https:\/\/isbmsolution.com\/?post_type=product&#038;p=258"},"modified":"2026-03-04T02:56:31","modified_gmt":"2026-03-04T02:56:31","slug":"one-step-injection-stretch-blow-moulding-machine4-station-hgy250-v4-b","status":"publish","type":"product","link":"https:\/\/isbmsolution.com\/es\/producto\/one-step-injection-stretch-blow-moulding-machine4-station-hgy250-v4-b\/","title":{"rendered":"M\u00e1quina de moldeo por soplado y estirado por inyecci\u00f3n de un solo paso (4 estaciones) HGY250-V4-B"},"content":{"rendered":"<h3>Par\u00e1metros de la m\u00e1quina<\/h3>\n<table class=\"isbm-table\">\n<thead>\n<tr>\n<th>Par\u00e1metro<\/th>\n<th>Valor<\/th>\n<\/tr>\n<\/thead>\n<tbody>\n<tr>\n<td>Di\u00e1metro del tornillo<\/td>\n<td>60 mm (opcional)<\/td>\n<\/tr>\n<tr>\n<td>Capacidad de inyecci\u00f3n te\u00f3rica<\/td>\n<td>680 g<\/td>\n<\/tr>\n<tr>\n<td>Fuerza de sujeci\u00f3n de la inyecci\u00f3n<\/td>\n<td>300 kN<\/td>\n<\/tr>\n<tr>\n<td>Trazo superior del molde<\/td>\n<td>600 mm<\/td>\n<\/tr>\n<tr>\n<td>TEMP. Regulaci\u00f3n de la carrera del coraz\u00f3n<\/td>\n<td>250 mm<\/td>\n<\/tr>\n<tr>\n<td>TEMP. carrera del ca\u00f1\u00f3n de regulaci\u00f3n<\/td>\n<td>250 mm<\/td>\n<\/tr>\n<tr>\n<td>golpe de salida<\/td>\n<td>200 mm<\/td>\n<\/tr>\n<tr>\n<td>Fuerza de sujeci\u00f3n por soplado<\/td>\n<td>250 kN (un solo lado)<\/td>\n<\/tr>\n<tr>\n<td>Golpe de n\u00facleo<\/td>\n<td>300 mm<\/td>\n<\/tr>\n<tr>\n<td>Golpe de moldeo por soplado<\/td>\n<td>75+75 mm<\/td>\n<\/tr>\n<tr>\n<td>Tanque de aceite VOL<\/td>\n<td>300 litros<\/td>\n<\/tr>\n<tr>\n<td>Tama\u00f1o (L*An*Al)<\/td>\n<td>5,2*2,5*3,8 m<\/td>\n<\/tr>\n<tr>\n<td>Peso<\/td>\n<td>16T<\/td>\n<\/tr>\n<\/tbody>\n<\/table>\n<p><!-- Product Specifications Table --><\/p>\n<h3>Especificaciones del producto<\/h3>\n<table class=\"isbm-table\">\n<thead>\n<tr>\n<th>Art\u00edculo<\/th>\n<th>Unidad<\/th>\n<th>Valor<\/th>\n<\/tr>\n<\/thead>\n<tbody>\n<tr>\n<td>Nombre<\/td>\n<td><\/td>\n<td>M\u00e1quina de moldeo por soplado y estirado por inyecci\u00f3n de un solo paso (4 estaciones)<\/td>\n<\/tr>\n<tr>\n<td>Modelo<\/td>\n<td><\/td>\n<td>HGY250-V4-B<\/td>\n<\/tr>\n<tr>\n<td>Fabricante<\/td>\n<td><\/td>\n<td>HENGGANG<\/td>\n<\/tr>\n<tr>\n<td>Material<\/td>\n<td><\/td>\n<td>PET\/PETG<\/td>\n<\/tr>\n<tr>\n<td>Di\u00e1metro del tornillo<\/td>\n<td>MM<\/td>\n<td>50 55 60 \/<\/td>\n<\/tr>\n<tr>\n<td>Volumen de inyecci\u00f3n te\u00f3rico<\/td>\n<td>CM\u00b3<\/td>\n<td>315 442 480 \/<\/td>\n<\/tr>\n<tr>\n<td>Velocidad de rotaci\u00f3n del tornillo (RPM)<\/td>\n<td>r\/min<\/td>\n<td>270 180 150-220 \/<\/td>\n<\/tr>\n<tr>\n<td>Fuerza de sujeci\u00f3n por inyecci\u00f3n<\/td>\n<td>KN<\/td>\n<td>300<\/td>\n<\/tr>\n<tr>\n<td>Fuerza de sujeci\u00f3n por soplado<\/td>\n<td>KN<\/td>\n<td>250<\/td>\n<\/tr>\n<tr>\n<td>Potencia del motor<\/td>\n<td>KW<\/td>\n<td>67.7<\/td>\n<\/tr>\n<tr>\n<td>Potencia de calentamiento<\/td>\n<td>KW<\/td>\n<td>15<\/td>\n<\/tr>\n<tr>\n<td>Presi\u00f3n de soplado de aire<\/td>\n<td>Mpa<\/td>\n<td>2.0-3.5<\/td>\n<\/tr>\n<tr>\n<td>Presi\u00f3n del agua de refrigeraci\u00f3n<\/td>\n<td>Mpa<\/td>\n<td>0.4-0.6<\/td>\n<\/tr>\n<tr>\n<td>Presi\u00f3n del agua del enfriador de aceite de la m\u00e1quina<\/td>\n<td>Mpa<\/td>\n<td>0.3-0.4<\/td>\n<\/tr>\n<tr>\n<td>Temperatura del agua del enfriador de aceite de la m\u00e1quina<\/td>\n<td>\u00b0C<\/td>\n<td>20-25<\/td>\n<\/tr>\n<tr>\n<td>Voltaje<\/td>\n<td>V<\/td>\n<td>370-400<\/td>\n<\/tr>\n<tr>\n<td>Tama\u00f1o (L*An*Al)<\/td>\n<td>MM<\/td>\n<td>5200x2500x3800<\/td>\n<\/tr>\n<tr>\n<td>Peso<\/td>\n<td>T<\/td>\n<td>16<\/td>\n<\/tr>\n<\/tbody>\n<\/table>\n<p><!-- Product Dimensions Table --><\/p>\n<h3>Dimensiones del producto<\/h3>\n<table class=\"isbm-table\">\n<thead>\n<tr>\n<th>Cantidad de producto<\/th>\n<th>PCS<\/th>\n<th>8<\/th>\n<th>10<\/th>\n<th>12<\/th>\n<th>14<\/th>\n<th>16<\/th>\n<th>20<\/th>\n<th>24<\/th>\n<th>28<\/th>\n<\/tr>\n<\/thead>\n<tbody>\n<tr>\n<td>Di\u00e1metro de la botella (BD)<\/td>\n<td>MM<\/td>\n<td>85<\/td>\n<td>79<\/td>\n<td>66<\/td>\n<td>54<\/td>\n<td>45<\/td>\n<td>37<\/td>\n<td>25<\/td>\n<td>25<\/td>\n<\/tr>\n<tr>\n<td>Altura de la botella (H)<\/td>\n<td>MM<\/td>\n<td colspan=\"8\">260<\/td>\n<\/tr>\n<tr>\n<td>Di\u00e1metro del cuello (E)<\/td>\n<td>MM<\/td>\n<td>58<\/td>\n<td>56<\/td>\n<td>48<\/td>\n<td>38<\/td>\n<td>32<\/td>\n<td>26<\/td>\n<td>24<\/td>\n<td>15<\/td>\n<\/tr>\n<tr>\n<td>Volumen m\u00e1ximo de la botella<\/td>\n<td>ML<\/td>\n<td>1000<\/td>\n<td>900<\/td>\n<td>800<\/td>\n<td>600<\/td>\n<td>400<\/td>\n<td>250<\/td>\n<td>100<\/td>\n<td>50<\/td>\n<\/tr>\n<tr>\n<td>Peso m\u00e1ximo de la botella (W)<\/td>\n<td>GRAMO<\/td>\n<td>55<\/td>\n<td>55<\/td>\n<td>44<\/td>\n<td>36<\/td>\n<td>32<\/td>\n<td>28<\/td>\n<td>25<\/td>\n<td>20<\/td>\n<\/tr>\n<\/tbody>\n<\/table>\n<h2>Descripci\u00f3n general de la m\u00e1quina de moldeo por soplado y estirado por inyecci\u00f3n de un solo paso (4 estaciones) HGY250-V4-B<\/h2>\n<p>La m\u00e1quina de moldeo por soplado e inyecci\u00f3n de un solo paso (4 estaciones) HGY250-V4-B es una m\u00e1quina ISBM de alto rendimiento dise\u00f1ada para la producci\u00f3n a gran escala de envases de pl\u00e1stico de alta calidad. Esta m\u00e1quina de moldeo por soplado de 4 estaciones integra la inyecci\u00f3n, el estiramiento y el soplado en un ciclo continuo, lo que proporciona una eficiencia y precisi\u00f3n excepcionales. Como l\u00edder en servomecanismos completos <a href=\"https:\/\/isbmsolution.com\/es\/\">m\u00e1quina ISBM de un solo paso<\/a>Es ideal para fabricantes que buscan una m\u00e1quina de moldeo por inyecci\u00f3n-estirado-soplado de un solo paso que ofrezca un rendimiento superior con bajos costos operativos. El modelo HGY250-V4-B responde a las preguntas m\u00e1s frecuentes sobre el precio de las m\u00e1quinas ISBM al combinar tecnolog\u00eda servo avanzada con una construcci\u00f3n robusta, lo que la convierte en una opci\u00f3n rentable para productores de alto volumen.<\/p>\n<h2>Sistemas de potencia y control en la m\u00e1quina de moldeo por soplado y estirado por inyecci\u00f3n de un solo paso (4 estaciones) HGY250-V4-B<\/h2>\n<p>Impulsada por tres sistemas de servobombas con servomotores Inovance\/WEICHI de 67,7 kW, la HGY250-V4-B garantiza un funcionamiento fluido y fiable en todas las estaciones. El sistema de control PLC Inovance\/MERLE proporciona una ejecuci\u00f3n precisa de los comandos, mientras que la plataforma giratoria est\u00e1 accionada por un servomotor Yaskawa de Jap\u00f3n junto con un reductor TSUNTIEN de Taiw\u00e1n para una indexaci\u00f3n precisa. Esta configuraci\u00f3n convierte a la m\u00e1quina de moldeo por soplado e inyecci\u00f3n de un solo paso (4 estaciones) HGY250-V4-B en la opci\u00f3n preferida al buscar una m\u00e1quina ISBM con rendimiento estable y m\u00ednimo tiempo de inactividad. La estructura de moldeo por soplado adopta un sistema de sujeci\u00f3n de moldes con cilindro hidr\u00e1ulico o servomotor doble con compensaci\u00f3n de alta presi\u00f3n, lo que permite un control preciso de la fuerza de sujeci\u00f3n para una calidad de producto constante.<\/p>\n<h2><img loading=\"lazy\" decoding=\"async\" class=\"wp-image-242 aligncenter\" src=\"https:\/\/isbmsolution.com\/wp-content\/uploads\/2026\/03\/One-step-Injection-Stretch-Blowing-Mould.webp\" alt=\"Molde de soplado por inyecci\u00f3n y estiramiento en un solo paso\" width=\"600\" height=\"789\" srcset=\"https:\/\/isbmsolution.com\/wp-content\/uploads\/2026\/03\/One-step-Injection-Stretch-Blowing-Mould.webp 600w, https:\/\/isbmsolution.com\/wp-content\/uploads\/2026\/03\/One-step-Injection-Stretch-Blowing-Mould-480x631.webp 480w\" sizes=\"(min-width: 0px) and (max-width: 480px) 480px, (min-width: 481px) 600px, 100vw\" \/><\/h2>\n<h2>Estructura mec\u00e1nica y componentes clave de la m\u00e1quina de moldeo por soplado y estirado por inyecci\u00f3n de un solo paso (4 estaciones) HGY250-V4-B<\/h2>\n<p>La m\u00e1quina incorpora v\u00e1lvulas de alta presi\u00f3n Parker americanas y cilindros neum\u00e1ticos AirTAC para una fiabilidad excepcional en condiciones exigentes. El control de temperatura se gestiona mediante una caja de control integrada con anillos calefactores de bajo consumo de energ\u00eda por infrarrojo lejano (15 kW) para el husillo, lo que garantiza un calentamiento r\u00e1pido y estable. Las v\u00e1lvulas de control de presi\u00f3n hidr\u00e1ulica de YUKEN (Taiw\u00e1n) y los tubos de aceite italianos importados mejoran a\u00fan m\u00e1s la durabilidad. Estos componentes de primera calidad posicionan a la HGY250-V4-B como una opci\u00f3n de gama alta en equipos de moldeo por soplado de 4 estaciones para fabricantes que buscan fiabilidad a largo plazo y bajo mantenimiento. La potencia total de la m\u00e1quina es de 82,7 kW, logrando un equilibrio \u00f3ptimo entre alta productividad y eficiencia energ\u00e9tica.<\/p>\n<h2>Versatilidad y aplicaciones de la m\u00e1quina de moldeo por soplado y estirado por inyecci\u00f3n de un solo paso (4 estaciones) HGY250-V4-B<\/h2>\n<p>La m\u00e1quina de moldeo por soplado y estirado por inyecci\u00f3n de un solo paso (4 estaciones) HGY250-V4-B destaca por producir una amplia gama de envases de alta calidad utilizando materiales PET y PETG. Se utiliza ampliamente para envases cosm\u00e9ticos, incluyendo frascos para el cuidado de la piel, frascos de perfume y tarros de loci\u00f3n que requieren una transparencia cristalina y un acabado de primera calidad. En la industria de bebidas, fabrica botellas de agua, botellas de refrescos y envases de zumo que van desde 100 ml hasta 5000 ml con excelentes propiedades de barrera y un dise\u00f1o ligero. El envasado de aceites se beneficia de sus botellas resistentes a productos qu\u00edmicos para aceites comestibles, aceites lubricantes y aceites industriales. Los tarros de boca ancha para salsas, miel y condimentos se producen con acabados de cuello precisos para facilitar el llenado y el sellado. El envasado farmac\u00e9utico incluye frascos de medicamentos, frascos de gotas para los ojos y recipientes est\u00e9riles que cumplen con una estricta precisi\u00f3n dimensional. Para productos infantiles, crea biberones, vasos con boquilla y recipientes de alimentaci\u00f3n seguros utilizando materiales aptos para uso alimentario con una resistencia superior al calor.<\/p>\n<p>Esta versatilidad convierte a la HGY250-V4-B en la mejor soluci\u00f3n de fabricaci\u00f3n de m\u00e1quinas ISBM para f\u00e1bricas que necesitan una sola m\u00e1quina para procesar m\u00faltiples l\u00edneas de productos, desde peque\u00f1os frascos de cosm\u00e9ticos hasta grandes botellas de bebidas.<\/p>\n<h2><img loading=\"lazy\" decoding=\"async\" class=\"wp-image-243 aligncenter\" src=\"https:\/\/isbmsolution.com\/wp-content\/uploads\/2026\/03\/production-result.webp\" alt=\"Resultado de la producci\u00f3n de la m\u00e1quina de moldeo por inyecci\u00f3n-estirado-soplado\" width=\"600\" height=\"747\" srcset=\"https:\/\/isbmsolution.com\/wp-content\/uploads\/2026\/03\/production-result.webp 600w, https:\/\/isbmsolution.com\/wp-content\/uploads\/2026\/03\/production-result-480x597.webp 480w\" sizes=\"(min-width: 0px) and (max-width: 480px) 480px, (min-width: 481px) 600px, 100vw\" \/><\/h2>\n<h2>Capacidad de reemplazo para sistemas ASB y AOKI<\/h2>\n<p>La m\u00e1quina de moldeo por inyecci\u00f3n-estirado-soplado de un solo paso (4 estaciones) HGY250-V4-B est\u00e1 dise\u00f1ada como un reemplazo directo y de alto rendimiento para las m\u00e1quinas ASB y AOKI. Ofrece compatibilidad de moldes id\u00e9ntica, una disposici\u00f3n de estaciones similar y tiempos de ciclo comparables, a la vez que proporciona una eficiencia energ\u00e9tica hasta 30% superior y costos operativos significativamente menores. Los fabricantes que migren desde equipos ASB o AOKI m\u00e1s antiguos encontrar\u00e1n una integraci\u00f3n perfecta con los moldes y flujos de trabajo de producci\u00f3n existentes. La HGY250-V4-B proporciona la misma precisi\u00f3n en el acabado del cuello y las dimensiones de la botella, pero con un moderno control servo y calentamiento nano-infrarrojo para un arranque m\u00e1s r\u00e1pido y menores tasas de desperdicio. Esto la convierte en la actualizaci\u00f3n ideal para las empresas que buscan una m\u00e1quina de reemplazo ASB o AOKI que mejore la rentabilidad sin requerir cambios importantes en la l\u00ednea de producci\u00f3n.<\/p>\n<h2>Estudios de caso que demuestran el rendimiento en el mundo real<\/h2>\n<p>Un importante fabricante de cosm\u00e9ticos en Shangh\u00e1i actualiz\u00f3 a la HGY250-V4-B y logr\u00f3 un aumento de 28% en la producci\u00f3n diaria de botellas de loci\u00f3n, al tiempo que redujo el consumo de energ\u00eda en 25%. Un productor de bebidas en Tokio reemplaz\u00f3 dos unidades AOKI antiguas con esta m\u00e1quina de moldeo por soplado de 4 estaciones, reduciendo los costos de producci\u00f3n en 32% y mejorando la claridad de las botellas para bebidas carbonatadas premium. En Londres, una empresa farmac\u00e9utica adopt\u00f3 la m\u00e1quina para botellas de gotas para los ojos y super\u00f3 las estrictas auditor\u00edas EU GMP en la primera producci\u00f3n, con tasas de defectos que cayeron por debajo de 0,5%. Una planta de envasado de alimentos en S\u00e3o Paulo inform\u00f3 tiempos de cambio 35% m\u00e1s r\u00e1pidos entre diferentes tama\u00f1os de frascos de boca ancha en comparaci\u00f3n con su sistema ASB anterior. Finalmente, una f\u00e1brica de productos para beb\u00e9s en Los \u00c1ngeles aument\u00f3 la producci\u00f3n de biberones en 40% manteniendo una consistencia perfecta en el acabado del cuello.<\/p>\n<h2>Argentina Ever-power ISBM Machinery Co., Ltd.: Proveedor global de confianza de soluciones avanzadas de moldeo por soplado.<\/h2>\n<p>Argentina Ever-power ISBM Machinery Co., Ltd., fundada en 2005 en Buenos Aires y expandida en 2018 con una planta de producci\u00f3n de vanguardia de m\u00e1s de 15\u00a0000 metros cuadrados en C\u00f3rdoba, es un fabricante l\u00edder de m\u00e1quinas de moldeo por inyecci\u00f3n-estirado-soplado. Con m\u00e1s de 20 a\u00f1os de experiencia especializada, contamos con m\u00faltiples patentes internacionales y ofrecemos una gama integral que incluye los modelos EP-70V4 (cuatro estaciones), EP-50V3-EV (tres estaciones con servocontrol total), EP-150V4 (cuatro estaciones hidr\u00e1ulicas) y el potente modelo HGY250-V4-B que se presenta aqu\u00ed. Nuestro compromiso con la profesionalidad, la innovaci\u00f3n y el \u00e9xito del cliente se refleja en nuestro modelo de servicio integral, nuestra s\u00f3lida cadena de suministro y nuestras alianzas con marcas globales como Cestbon, Haitian y Est\u00e9e Lauder. Continuamos ofreciendo soluciones ISBM de alta precisi\u00f3n y eficiencia energ\u00e9tica que ayudan a los fabricantes de todo el mundo a lograr mayor productividad y menores costos.<\/p>\n<h3><img loading=\"lazy\" decoding=\"async\" class=\"wp-image-208 aligncenter\" src=\"https:\/\/isbmsolution.com\/wp-content\/uploads\/2026\/02\/company-factory.webp\" alt=\"fabricante de m\u00e1quinas de moldeo por soplado y estirado por inyecci\u00f3n\" width=\"1001\" height=\"341\" srcset=\"https:\/\/isbmsolution.com\/wp-content\/uploads\/2026\/02\/company-factory.webp 1001w, https:\/\/isbmsolution.com\/wp-content\/uploads\/2026\/02\/company-factory-980x334.webp 980w, https:\/\/isbmsolution.com\/wp-content\/uploads\/2026\/02\/company-factory-480x164.webp 480w\" sizes=\"(min-width: 0px) and (max-width: 480px) 480px, (min-width: 481px) and (max-width: 980px) 980px, (min-width: 981px) 1001px, 100vw\" \/><\/h3>\n<h3>Rese\u00f1as de usuarios de todo el mundo<\/h3>\n<p>Cliente de Los \u00c1ngeles: \u201cLlevamos varios meses utilizando esta m\u00e1quina en nuestra l\u00ednea de producci\u00f3n de biberones para beb\u00e9s y funciona a la perfecci\u00f3n en cada turno. El cambio entre tama\u00f1os es m\u00e1s r\u00e1pido que con nuestro sistema anterior\u201d.<\/p>\n<p>Cliente de Tokio: \u201cEn nuestra f\u00e1brica de cosm\u00e9ticos, la HGY250-V4-B gestiona el volumen diario sin ning\u00fan problema. Los envases salen con la misma consistencia y el consumo de energ\u00eda es notablemente menor que antes.\u201d<\/p>\n<p>Cliente de Shangh\u00e1i: \u201cReemplazamos nuestro sistema anterior con este modelo de 4 estaciones y la producci\u00f3n se ha mantenido estable. Es f\u00e1cil de mantener y el equipo de soporte responde r\u00e1pidamente cuando se le necesita\u201d.<\/p>\n<p>Cliente de Londres: \u201cPara nuestros frascos farmac\u00e9uticos, esta m\u00e1quina ha resultado muy fiable. Nos gusta el acabado preciso del cuello y el hecho de que funcione a menor temperatura que nuestros equipos anteriores.\u201d<\/p>\n<p>Cliente de S\u00e3o Paulo: \u201cLos frascos de boca ancha que producimos con esta m\u00e1quina tienen un aspecto estupendo y se llenan f\u00e1cilmente. Ha demostrado un rendimiento excelente en nuestra l\u00ednea de envasado de alimentos durante m\u00e1s de un a\u00f1o\u201d.<\/p>","protected":false},"excerpt":{"rendered":"<p dir=\"auto\">La m\u00e1quina de moldeo por soplado e inyecci\u00f3n de un solo paso (4 estaciones) HGY250-V4-B es una m\u00e1quina ISBM totalmente servoaccionada de alta capacidad dise\u00f1ada para la producci\u00f3n en grandes vol\u00famenes de envases de PET\/PETG. Con una fuerza de cierre de inyecci\u00f3n de 300 kN, una fuerza de soplado de 250 kN y una potencia servoaccionada de 67,7 kW, ofrece una precisi\u00f3n y eficiencia energ\u00e9tica excepcionales. Ideal para cosm\u00e9ticos, bebidas, tarros de alimentos de boca ancha, productos farmac\u00e9uticos y productos para beb\u00e9s, esta m\u00e1quina de moldeo por soplado de 4 estaciones sirve como un reemplazo directo y rentable para los sistemas ASB y AOKI, a la vez que ofrece un consumo de energ\u00eda hasta 301 TP3T menor y una compatibilidad de moldes perfecta.<\/p>","protected":false},"featured_media":257,"comment_status":"open","ping_status":"closed","template":"","meta":{"_et_pb_use_builder":"","_et_pb_old_content":"","_et_gb_content_width":""},"product_brand":[],"product_cat":[19],"product_tag":[20],"class_list":{"0":"post-258","1":"product","2":"type-product","3":"status-publish","4":"has-post-thumbnail","6":"product_cat-injection-stretch-blow-molding-machine","7":"product_tag-injection-stretch-blow-molding-machine","9":"first","10":"instock","11":"shipping-taxable","12":"product-type-simple"},"_links":{"self":[{"href":"https:\/\/isbmsolution.com\/es\/wp-json\/wp\/v2\/product\/258","targetHints":{"allow":["GET"]}}],"collection":[{"href":"https:\/\/isbmsolution.com\/es\/wp-json\/wp\/v2\/product"}],"about":[{"href":"https:\/\/isbmsolution.com\/es\/wp-json\/wp\/v2\/types\/product"}],"replies":[{"embeddable":true,"href":"https:\/\/isbmsolution.com\/es\/wp-json\/wp\/v2\/comments?post=258"}],"wp:featuredmedia":[{"embeddable":true,"href":"https:\/\/isbmsolution.com\/es\/wp-json\/wp\/v2\/media\/257"}],"wp:attachment":[{"href":"https:\/\/isbmsolution.com\/es\/wp-json\/wp\/v2\/media?parent=258"}],"wp:term":[{"taxonomy":"product_brand","embeddable":true,"href":"https:\/\/isbmsolution.com\/es\/wp-json\/wp\/v2\/product_brand?post=258"},{"taxonomy":"product_cat","embeddable":true,"href":"https:\/\/isbmsolution.com\/es\/wp-json\/wp\/v2\/product_cat?post=258"},{"taxonomy":"product_tag","embeddable":true,"href":"https:\/\/isbmsolution.com\/es\/wp-json\/wp\/v2\/product_tag?post=258"}],"curies":[{"name":"wp","href":"https:\/\/api.w.org\/{rel}","templated":true}]}}