{"id":187,"date":"2026-02-11T03:51:19","date_gmt":"2026-02-11T03:51:19","guid":{"rendered":"https:\/\/isbmsolution.com\/?page_id=187"},"modified":"2026-02-11T05:27:04","modified_gmt":"2026-02-11T05:27:04","slug":"about-us","status":"publish","type":"page","link":"https:\/\/isbmsolution.com\/tr\/about-us\/","title":{"rendered":"Hakk\u0131m\u0131zda"},"content":{"rendered":"<p>[et_pb_section fb_built=&#8221;1&#8243; admin_label=&#8221;Header&#8221; _builder_version=&#8221;4.22.1&#8243; _module_preset=&#8221;default&#8221; hover_enabled=&#8221;0&#8243; collapsed=&#8221;on&#8221; global_colors_info=&#8221;{}&#8221; sticky_enabled=&#8221;0&#8243;][et_pb_row column_structure=&#8221;1_2,1_2&#8243; _builder_version=&#8221;4.23.2&#8243; _module_preset=&#8221;default&#8221; global_colors_info=&#8221;{}&#8221;][et_pb_column type=&#8221;1_2&#8243; _builder_version=&#8221;4.22.1&#8243; _module_preset=&#8221;default&#8221; global_colors_info=&#8221;{}&#8221;][et_pb_text _builder_version=&#8221;4.27.4&#8243; _module_preset=&#8221;cce187f6-bc83-4bff-9a7a-92f27def1ead&#8221; custom_margin=&#8221;||10px||false|false&#8221; global_colors_info=&#8221;{}&#8221;]<\/p>\n<h1>Hakk\u0131m\u0131zda<\/h1>\n<p>[\/et_pb_text][et_pb_text _builder_version=&#8221;4.22.1&#8243; _module_preset=&#8221;449e4a31-e84d-4012-80ef-ab19b4272038&#8243; global_colors_info=&#8221;{}&#8221;]<\/p>\n<p dir=\"auto\">\u00d6nde gelen enjeksiyonlu germe \u015fi\u015firme kal\u0131plama makinesi \u00fcreticisi ve ISBM tedarik\u00e7isi olan Argentina Ever-power ISBM Machinery Co., Ltd., 2005 y\u0131l\u0131nda Arjantin'in Buenos Aires \u015fehrinde, ba\u015flang\u0131\u00e7ta yenilik\u00e7i \u015fi\u015firme kal\u0131plama teknolojilerinin geli\u015ftirilmesine odaklanarak kurulmu\u015ftur. Bunu, 2018 y\u0131l\u0131nda stratejik bir yeniden yap\u0131lanma ve \u00f6nemli bir geni\u015fleme izlemi\u015f ve C\u00f3rdoba sanayi b\u00f6lgesinde 15.000 metrekareyi a\u015fk\u0131n son teknoloji \u00fcr\u00fcn\u00fc bir \u00fcretim tesisine d\u00f6n\u00fc\u015fm\u00fc\u015ft\u00fcr. Montaj, test ve kalite kontrol\u00fc i\u00e7in \u00f6zel at\u00f6lyeler de dahil olmak \u00fczere geli\u015fmi\u015f \u00fcretim yetenekleriyle donat\u0131lm\u0131\u015f olan \u015firket, \u015fi\u015firme kal\u0131plama ekipmanlar\u0131n\u0131n ara\u015ft\u0131rma, geli\u015ftirme, \u00fcretim ve sat\u0131\u015f\u0131nda yirmi y\u0131l\u0131 a\u015fk\u0131n s\u00fcredir edindi\u011fi uzmanl\u0131\u011f\u0131 kullanmaktad\u0131r. Bu kapsaml\u0131 deneyim, operasyonel verimlilik, tedarik zinciri y\u00f6netimi ve mevzuat uyumlulu\u011fu konusunda derin bir bilgi birikimi olu\u015fturmu\u015f ve \u00e7ok say\u0131da uluslararas\u0131 patentin edinilmesini sa\u011flam\u0131\u015ft\u0131r.<\/p>\n<p>[\/et_pb_text][\/et_pb_column][et_pb_column type=&#8221;1_2&#8243; _builder_version=&#8221;4.22.1&#8243; _module_preset=&#8221;default&#8221; global_colors_info=&#8221;{}&#8221;][et_pb_image src=&#8221;https:\/\/isbmsolution.com\/wp-content\/uploads\/2026\/02\/company-picture-1.webp&#8221; alt=&#8221;Injection Stretch Blow Molding Machine manufacturer&#8221; title_text=&#8221;company picture (1)&#8221; _builder_version=&#8221;4.27.4&#8243; _module_preset=&#8221;default&#8221; custom_margin=&#8221;|-10vw|||false|false&#8221; custom_margin_tablet=&#8221;|0vw|||false|false&#8221; custom_margin_phone=&#8221;|0vw|||false|false&#8221; custom_margin_last_edited=&#8221;on|tablet&#8221; global_colors_info=&#8221;{}&#8221;][\/et_pb_image][\/et_pb_column][\/et_pb_row][et_pb_row column_structure=&#8221;2_5,3_5&#8243; _builder_version=&#8221;4.23.2&#8243; _module_preset=&#8221;default&#8221; global_colors_info=&#8221;{}&#8221;][et_pb_column type=&#8221;2_5&#8243; _builder_version=&#8221;4.23.2&#8243; _module_preset=&#8221;default&#8221; global_colors_info=&#8221;{}&#8221;][et_pb_image src=&#8221;https:\/\/isbmsolution.com\/wp-content\/uploads\/2026\/02\/company-picture-2-1.webp&#8221; alt=&#8221;Injection Stretch Blow Molding Machine manufacturer&#8221; title_text=&#8221;company picture (2)&#8221; _builder_version=&#8221;4.27.4&#8243; _module_preset=&#8221;default&#8221; scroll_vertical_motion_enable=&#8221;on&#8221; scroll_vertical_motion=&#8221;0|50|50|100|0.5|0|-0.5&#8243; global_colors_info=&#8221;{}&#8221;][\/et_pb_image][\/et_pb_column][et_pb_column type=&#8221;3_5&#8243; _builder_version=&#8221;4.23.2&#8243; _module_preset=&#8221;default&#8221; custom_padding=&#8221;|||10%|false|false&#8221; custom_padding_tablet=&#8221;|||0%|false|false&#8221; custom_padding_phone=&#8221;&#8221; custom_padding_last_edited=&#8221;on|tablet&#8221; global_colors_info=&#8221;{}&#8221;][et_pb_text _builder_version=&#8221;4.22.1&#8243; _module_preset=&#8221;449e4a31-e84d-4012-80ef-ab19b4272038&#8243; locked=&#8221;off&#8221; global_colors_info=&#8221;{}&#8221;]<\/p>\n<p dir=\"auto\">\u015eirketin \u00fcretim ve imalat s\u00fcre\u00e7leri, y\u00fcksek hassasiyetli \u00e7\u0131kt\u0131 i\u00e7in tasarlanm\u0131\u015f, \u00fc\u00e7, d\u00f6rt ve alt\u0131 istasyonlu modeller de dahil olmak \u00fczere, tek a\u015famal\u0131 enjeksiyonlu germe \u015fi\u015firme kal\u0131plama makinelerine odaklanmaktad\u0131r. Bu makineler, PET, PETG, PC, PCTG ve PP gibi \u00e7e\u015fitli malzemeleri destekleyerek enerji verimlili\u011fine, at\u0131k azalt\u0131m\u0131na ve istikrarl\u0131 performans i\u00e7in otomatik kontrollere \u00f6nem vermektedir. Yal\u0131n \u00fcretim uygulamalar\u0131 ve eksiksiz bir tedarik zinciri sayesinde \u015firket, \u00fcretim d\u00f6ng\u00fcs\u00fcn\u00fcn her detay\u0131nda sa\u011flam yap\u0131, operasyonel g\u00fcvenilirlik ve kapsaml\u0131 kalite kontrol\u00fc sa\u011flamaktad\u0131r.<\/p>\n<p>[\/et_pb_text][et_pb_button button_url=&#8221;https:\/\/isbmsolution.com\/contact\/&#8221; button_text=&#8221;Get in touch&#8221; button_alignment=&#8221;right&#8221; _builder_version=&#8221;4.27.4&#8243; _module_preset=&#8221;ee5553ce-cd8a-4174-b4fa-c4ed75fed1aa&#8221; locked=&#8221;off&#8221; global_colors_info=&#8221;{}&#8221;][\/et_pb_button][\/et_pb_column][\/et_pb_row][et_pb_row _builder_version=&#8221;4.27.4&#8243; _module_preset=&#8221;default&#8221; locked=&#8221;off&#8221; global_colors_info=&#8221;{}&#8221;][et_pb_column type=&#8221;4_4&#8243; _builder_version=&#8221;4.22.1&#8243; _module_preset=&#8221;default&#8221; global_colors_info=&#8221;{}&#8221;][et_pb_text _builder_version=&#8221;4.27.4&#8243; _module_preset=&#8221;49f27b42-ba23-4879-9e5f-fe8d1db89a69&#8243; header_text_color=&#8221;#000000&#8243; header_2_font=&#8221;Oswald|700||on|||||&#8221; header_2_font_size=&#8221;60px&#8221; custom_margin=&#8221;||10px||false|false&#8221; locked=&#8221;off&#8221; global_colors_info=&#8221;{}&#8221;]<\/p>\n<h2>Yeterlilik Belgesi<\/h2>\n<p>[\/et_pb_text][\/et_pb_column][\/et_pb_row][et_pb_row column_structure=&#8221;1_2,1_2&#8243; _builder_version=&#8221;4.27.4&#8243; _module_preset=&#8221;default&#8221; global_colors_info=&#8221;{}&#8221;][et_pb_column type=&#8221;1_2&#8243; _builder_version=&#8221;4.27.4&#8243; _module_preset=&#8221;default&#8221; global_colors_info=&#8221;{}&#8221;][et_pb_image src=&#8221;https:\/\/isbmsolution.com\/wp-content\/uploads\/2026\/02\/Qualification-Certificate.webp&#8221; alt=&#8221;Qualification Certificate&#8221; title_text=&#8221;Qualification Certificate&#8221; _builder_version=&#8221;4.27.4&#8243; _module_preset=&#8221;default&#8221; locked=&#8221;off&#8221; global_colors_info=&#8221;{}&#8221;][\/et_pb_image][\/et_pb_column][et_pb_column type=&#8221;1_2&#8243; _builder_version=&#8221;4.27.4&#8243; _module_preset=&#8221;default&#8221; global_colors_info=&#8221;{}&#8221;][et_pb_text _builder_version=&#8221;4.22.1&#8243; _module_preset=&#8221;449e4a31-e84d-4012-80ef-ab19b4272038&#8243; locked=&#8221;off&#8221; global_colors_info=&#8221;{}&#8221;]<\/p>\n<p dir=\"auto\">Argentina Ever-power ISBM Machinery Co., Ltd.'de, kapsaml\u0131 yeterlilik sertifikalar\u0131m\u0131z arac\u0131l\u0131\u011f\u0131yla en y\u00fcksek kalite ve uyumluluk standartlar\u0131n\u0131 koruyoruz. Operasyonlar\u0131m\u0131z, sa\u011flam kalite y\u00f6netim sistemleri i\u00e7in ISO 9001:2015 sertifikas\u0131na sahiptir ve bu da tutarl\u0131 \u00fcr\u00fcn m\u00fckemmelli\u011fi ve operasyonel verimlilik sa\u011flar. Ayr\u0131ca, t\u0131bbi cihaz \u00fcretimi i\u00e7in ISO 13485:2016 gerekliliklerini kar\u015f\u0131layarak, farmas\u00f6tik uygulamalarda sterilite, hassasiyet ve mevzuata uyumu garanti ediyoruz. G\u0131da ile temas eden malzemeler i\u00e7in FDA y\u00f6nergelerine ve \u00e7evresel g\u00fcvenlik i\u00e7in RoHS direktiflerine uyum, s\u00fcrd\u00fcr\u00fclebilir uygulamalara olan ba\u011fl\u0131l\u0131\u011f\u0131m\u0131z\u0131 daha da g\u00f6stermektedir. Bu sertifikalar, k\u00fcresel pazar g\u00f6stergeleriyle uyumludur ve g\u00fcvenlik, dayan\u0131kl\u0131l\u0131k ve yenilik\u00e7ilik a\u00e7\u0131s\u0131ndan sekt\u00f6r standartlar\u0131n\u0131 a\u015fan g\u00fcvenilir, y\u00fcksek performansl\u0131 ISBM makineleri sunmam\u0131z\u0131 sa\u011flar.<\/p>\n<p>[\/et_pb_text][\/et_pb_column][\/et_pb_row][\/et_pb_section][et_pb_section fb_built=&#8221;1&#8243; admin_label=&#8221;Video&#8221; _builder_version=&#8221;4.27.4&#8243; _module_preset=&#8221;default&#8221; custom_padding=&#8221;0px||||false|false&#8221; collapsed=&#8221;on&#8221; global_colors_info=&#8221;{}&#8221;][et_pb_row _builder_version=&#8221;4.27.4&#8243; _module_preset=&#8221;default&#8221; locked=&#8221;off&#8221; global_colors_info=&#8221;{}&#8221;][et_pb_column type=&#8221;4_4&#8243; _builder_version=&#8221;4.22.1&#8243; _module_preset=&#8221;default&#8221; global_colors_info=&#8221;{}&#8221;][et_pb_text _builder_version=&#8221;4.27.4&#8243; _module_preset=&#8221;49f27b42-ba23-4879-9e5f-fe8d1db89a69&#8243; header_text_color=&#8221;#000000&#8243; header_2_font=&#8221;Oswald|700||on|||||&#8221; header_2_font_size=&#8221;60px&#8221; custom_margin=&#8221;||10px||false|false&#8221; locked=&#8221;off&#8221; global_colors_info=&#8221;{}&#8221;]<\/p>\n<h2>Fabrika<\/h2>\n<p>[\/et_pb_text][\/et_pb_column][\/et_pb_row][et_pb_row _builder_version=&#8221;4.23.2&#8243; _module_preset=&#8221;default&#8221; max_width=&#8221;900px&#8221; global_colors_info=&#8221;{}&#8221;][et_pb_column type=&#8221;4_4&#8243; _builder_version=&#8221;4.22.1&#8243; _module_preset=&#8221;default&#8221; global_colors_info=&#8221;{}&#8221;][et_pb_video src=&#8221;https:\/\/isbmsolution.com\/wp-content\/uploads\/2026\/02\/20251113_143043-online-video-cutter.com_.mp4&#8243; _builder_version=&#8221;4.27.4&#8243; _module_preset=&#8221;default&#8221; global_colors_info=&#8221;{}&#8221;][\/et_pb_video][\/et_pb_column][\/et_pb_row][et_pb_row use_custom_gutter=&#8221;on&#8221; gutter_width=&#8221;2&#8243; custom_padding_last_edited=&#8221;on|tablet&#8221; _builder_version=&#8221;4.27.4&#8243; _module_preset=&#8221;default&#8221; custom_padding=&#8221;||20px||false|false&#8221; custom_padding_tablet=&#8221;||0px||false|false&#8221; custom_padding_phone=&#8221;||0px||false|false&#8221; locked=&#8221;off&#8221; global_colors_info=&#8221;{}&#8221;][et_pb_column type=&#8221;4_4&#8243; _builder_version=&#8221;4.27.4&#8243; _module_preset=&#8221;default&#8221; use_background_color_gradient=&#8221;on&#8221; background_color_gradient_direction=&#8221;90deg&#8221; background_color_gradient_stops=&#8221;rgba(0,0,0,0.8) 0%|rgba(255,255,255,0) 100%&#8221; background_color_gradient_overlays_image=&#8221;on&#8221; background_image=&#8221;https:\/\/isbmsolution.com\/wp-content\/uploads\/2026\/02\/company-factory.webp&#8221; custom_padding=&#8221;20%|40px|40px|40px|false|true&#8221; custom_padding_tablet=&#8221;|30px|30px|30px|false|true&#8221; custom_padding_phone=&#8221;|20px|20px|20px|false|true&#8221; custom_padding_last_edited=&#8221;on|tablet&#8221; global_colors_info=&#8221;{%22gcid-0a41bebc-0107-48f7-8173-6190cad71074%22:%91%22background_color_gradient_stops%22%93,%22gcid-fb7185f0-febc-426c-87a9-b6e9798849ab%22:%91%22background_color_gradient_stops%22%93}&#8221; background__hover_enabled=&#8221;on|hover&#8221; background_color_gradient_stops__hover=&#8221;#8c8eff 0%|rgba(255,255,255,0) 100%&#8221; use_background_color_gradient__hover=&#8221;on&#8221;][et_pb_text _builder_version=&#8221;4.22.1&#8243; _module_preset=&#8221;f8ecf74a-e1c1-4f9d-94a4-173f65849f5b&#8221; header_3_text_color=&#8221;#FFFFFF&#8221; custom_margin=&#8221;||0px||false|false&#8221; global_colors_info=&#8221;{}&#8221;]<\/p>\n<h3>Geni\u015f ve Modern Tesis<\/h3>\n<p>[\/et_pb_text][\/et_pb_column][\/et_pb_row][et_pb_row use_custom_gutter=&#8221;on&#8221; gutter_width=&#8221;2&#8243; custom_padding_last_edited=&#8221;on|tablet&#8221; _builder_version=&#8221;4.27.4&#8243; _module_preset=&#8221;default&#8221; custom_padding=&#8221;||20px||false|false&#8221; custom_padding_tablet=&#8221;||0px||false|false&#8221; custom_padding_phone=&#8221;||0px||false|false&#8221; locked=&#8221;off&#8221; global_colors_info=&#8221;{}&#8221;][et_pb_column type=&#8221;4_4&#8243; _builder_version=&#8221;4.27.4&#8243; _module_preset=&#8221;default&#8221; use_background_color_gradient=&#8221;on&#8221; background_color_gradient_direction=&#8221;90deg&#8221; background_color_gradient_stops=&#8221;rgba(0,0,0,0.8) 0%|rgba(255,255,255,0) 100%&#8221; background_color_gradient_overlays_image=&#8221;on&#8221; background_image=&#8221;https:\/\/isbmsolution.com\/wp-content\/uploads\/2026\/02\/company-factory2-1.webp&#8221; custom_padding=&#8221;20%|40px|40px|40px|false|true&#8221; custom_padding_tablet=&#8221;|30px|30px|30px|false|true&#8221; custom_padding_phone=&#8221;|20px|20px|20px|false|true&#8221; custom_padding_last_edited=&#8221;on|tablet&#8221; global_colors_info=&#8221;{%22gcid-0a41bebc-0107-48f7-8173-6190cad71074%22:%91%22background_color_gradient_stops%22%93,%22gcid-fb7185f0-febc-426c-87a9-b6e9798849ab%22:%91%22background_color_gradient_stops%22%93}&#8221; background__hover_enabled=&#8221;on|hover&#8221; background_color_gradient_stops__hover=&#8221;#8c8eff 0%|rgba(255,255,255,0) 100%&#8221; use_background_color_gradient__hover=&#8221;on&#8221;][et_pb_text _builder_version=&#8221;4.22.1&#8243; _module_preset=&#8221;f8ecf74a-e1c1-4f9d-94a4-173f65849f5b&#8221; header_3_text_color=&#8221;#FFFFFF&#8221; custom_margin=&#8221;||0px||false|false&#8221; global_colors_info=&#8221;{}&#8221;]<\/p>\n<h3>Optimize Edilmi\u015f Makine Yerle\u015fimi<\/h3>\n<p>[\/et_pb_text][\/et_pb_column][\/et_pb_row][et_pb_row use_custom_gutter=&#8221;on&#8221; gutter_width=&#8221;2&#8243; custom_padding_last_edited=&#8221;on|tablet&#8221; _builder_version=&#8221;4.27.4&#8243; _module_preset=&#8221;default&#8221; custom_padding=&#8221;||20px||false|false&#8221; custom_padding_tablet=&#8221;||0px||false|false&#8221; custom_padding_phone=&#8221;||0px||false|false&#8221; locked=&#8221;off&#8221; global_colors_info=&#8221;{}&#8221;][et_pb_column type=&#8221;4_4&#8243; _builder_version=&#8221;4.27.4&#8243; _module_preset=&#8221;default&#8221; use_background_color_gradient=&#8221;on&#8221; background_color_gradient_direction=&#8221;90deg&#8221; background_color_gradient_stops=&#8221;rgba(0,0,0,0.8) 0%|rgba(255,255,255,0) 100%&#8221; background_color_gradient_overlays_image=&#8221;on&#8221; background_image=&#8221;https:\/\/isbmsolution.com\/wp-content\/uploads\/2026\/02\/company-factory3-1.webp&#8221; custom_padding=&#8221;20%|40px|40px|40px|false|true&#8221; custom_padding_tablet=&#8221;|30px|30px|30px|false|true&#8221; custom_padding_phone=&#8221;|20px|20px|20px|false|true&#8221; custom_padding_last_edited=&#8221;on|tablet&#8221; global_colors_info=&#8221;{%22gcid-0a41bebc-0107-48f7-8173-6190cad71074%22:%91%22background_color_gradient_stops%22%93,%22gcid-fb7185f0-febc-426c-87a9-b6e9798849ab%22:%91%22background_color_gradient_stops%22%93}&#8221; background__hover_enabled=&#8221;on|hover&#8221; background_color_gradient_stops__hover=&#8221;#8c8eff 0%|rgba(255,255,255,0) 100%&#8221; use_background_color_gradient__hover=&#8221;on&#8221;][et_pb_text _builder_version=&#8221;4.22.1&#8243; _module_preset=&#8221;f8ecf74a-e1c1-4f9d-94a4-173f65849f5b&#8221; header_3_text_color=&#8221;#FFFFFF&#8221; custom_margin=&#8221;||0px||false|false&#8221; global_colors_info=&#8221;{}&#8221;]<\/p>\n<h3>Yenilik\u00e7i \u00dcretim S\u00fcre\u00e7leri<\/h3>\n<p>[\/et_pb_text][\/et_pb_column][\/et_pb_row][et_pb_row use_custom_gutter=&#8221;on&#8221; gutter_width=&#8221;2&#8243; custom_padding_last_edited=&#8221;on|tablet&#8221; _builder_version=&#8221;4.27.4&#8243; _module_preset=&#8221;default&#8221; custom_padding=&#8221;||20px||false|false&#8221; custom_padding_tablet=&#8221;||0px||false|false&#8221; custom_padding_phone=&#8221;||0px||false|false&#8221; locked=&#8221;off&#8221; global_colors_info=&#8221;{}&#8221;][et_pb_column type=&#8221;4_4&#8243; _builder_version=&#8221;4.27.4&#8243; _module_preset=&#8221;default&#8221; use_background_color_gradient=&#8221;on&#8221; background_color_gradient_direction=&#8221;90deg&#8221; background_color_gradient_stops=&#8221;rgba(0,0,0,0.8) 0%|rgba(255,255,255,0) 100%&#8221; background_color_gradient_overlays_image=&#8221;on&#8221; background_image=&#8221;https:\/\/isbmsolution.com\/wp-content\/uploads\/2026\/02\/company-factory4-1-scaled.webp&#8221; custom_padding=&#8221;20%|40px|40px|40px|false|true&#8221; custom_padding_tablet=&#8221;|30px|30px|30px|false|true&#8221; custom_padding_phone=&#8221;|20px|20px|20px|false|true&#8221; custom_padding_last_edited=&#8221;on|tablet&#8221; global_colors_info=&#8221;{%22gcid-0a41bebc-0107-48f7-8173-6190cad71074%22:%91%22background_color_gradient_stops%22%93,%22gcid-fb7185f0-febc-426c-87a9-b6e9798849ab%22:%91%22background_color_gradient_stops%22%93}&#8221; background__hover_enabled=&#8221;on|hover&#8221; background_color_gradient_stops__hover=&#8221;#8c8eff 0%|rgba(255,255,255,0) 100%&#8221; use_background_color_gradient__hover=&#8221;on&#8221;][et_pb_text _builder_version=&#8221;4.22.1&#8243; _module_preset=&#8221;f8ecf74a-e1c1-4f9d-94a4-173f65849f5b&#8221; header_3_text_color=&#8221;#FFFFFF&#8221; custom_margin=&#8221;||0px||false|false&#8221; global_colors_info=&#8221;{}&#8221;]<\/p>\n<h3>Kapsaml\u0131 Tedarik Zinciri<\/h3>\n<p>[\/et_pb_text][\/et_pb_column][\/et_pb_row][\/et_pb_section][et_pb_section fb_built=&#8221;1&#8243; custom_padding_last_edited=&#8221;off|tablet&#8221; admin_label=&#8221;Call to Action&#8221; _builder_version=&#8221;4.27.4&#8243; _module_preset=&#8221;default&#8221; custom_padding=&#8221;0px||||false|false&#8221; custom_padding_tablet=&#8221;||||false|false&#8221; locked=&#8221;off&#8221; collapsed=&#8221;on&#8221; global_colors_info=&#8221;{}&#8221;][et_pb_row column_structure=&#8221;3_4,1_4&#8243; custom_padding_last_edited=&#8221;on|tablet&#8221; _builder_version=&#8221;4.22.1&#8243; _module_preset=&#8221;default&#8221; max_width=&#8221;1280px&#8221; custom_padding_tablet=&#8221;||0px||false|false&#8221; custom_padding_phone=&#8221;||0px||false|false&#8221; global_colors_info=&#8221;{}&#8221;][et_pb_column type=&#8221;3_4&#8243; _builder_version=&#8221;4.22.1&#8243; _module_preset=&#8221;default&#8221; global_colors_info=&#8221;{}&#8221;][et_pb_image src=&#8221;https:\/\/isbmsolution.com\/wp-content\/uploads\/2026\/02\/Partners-and-service-brands.webp&#8221; alt=&#8221;Partners and service brands&#8221; title_text=&#8221;Partners and service brands&#8221; _builder_version=&#8221;4.27.4&#8243; _module_preset=&#8221;default&#8221; custom_margin=&#8221;||-30%||false|false&#8221; custom_margin_tablet=&#8221;||0%||false|false&#8221; custom_margin_phone=&#8221;||0%||false|false&#8221; custom_margin_last_edited=&#8221;on|desktop&#8221; scroll_horizontal_motion_enable=&#8221;on&#8221; scroll_horizontal_motion=&#8221;0|50|50|100|0.5|0|-0.5&#8243; locked=&#8221;off&#8221; global_colors_info=&#8221;{}&#8221;][\/et_pb_image][\/et_pb_column][et_pb_column type=&#8221;1_4&#8243; _builder_version=&#8221;4.22.1&#8243; _module_preset=&#8221;default&#8221; global_colors_info=&#8221;{}&#8221;][\/et_pb_column][\/et_pb_row][et_pb_row column_structure=&#8221;2_5,3_5&#8243; custom_padding_last_edited=&#8221;on|desktop&#8221; _builder_version=&#8221;4.22.1&#8243; _module_preset=&#8221;default&#8221; max_width=&#8221;840px&#8221; custom_padding_tablet=&#8221;0px||||false|false&#8221; custom_padding_phone=&#8221;0px||||false|false&#8221; global_colors_info=&#8221;{}&#8221;][et_pb_column type=&#8221;2_5&#8243; _builder_version=&#8221;4.22.1&#8243; _module_preset=&#8221;default&#8221; global_colors_info=&#8221;{}&#8221;][\/et_pb_column][et_pb_column type=&#8221;3_5&#8243; _builder_version=&#8221;4.22.1&#8243; _module_preset=&#8221;default&#8221; background_color=&#8221;gcid-fb7185f0-febc-426c-87a9-b6e9798849ab&#8221; custom_padding=&#8221;40px|40px|40px|40px|true|true&#8221; custom_padding_tablet=&#8221;30px|30px|30px|30px|true|true&#8221; custom_padding_phone=&#8221;20px|20px|20px|20px|true|true&#8221; custom_padding_last_edited=&#8221;on|desktop&#8221; global_colors_info=&#8221;{%22gcid-fb7185f0-febc-426c-87a9-b6e9798849ab%22:%91%22background_color%22%93}&#8221;][et_pb_text _builder_version=&#8221;4.22.1&#8243; _module_preset=&#8221;a85392ee-95c5-40e8-84af-4cc6be0e30fd&#8221; header_2_text_color=&#8221;#FFFFFF&#8221; custom_margin=&#8221;||10px||false|false&#8221; global_colors_info=&#8221;{}&#8221;]<\/p>\n<h2>Ortaklar ve hizmet markalar\u0131<\/h2>\n<p>[\/et_pb_text][et_pb_text _builder_version=&#8221;4.22.1&#8243; _module_preset=&#8221;449e4a31-e84d-4012-80ef-ab19b4272038&#8243; text_text_color=&#8221;#FFFFFF&#8221; global_colors_info=&#8221;{}&#8221;]<\/p>\n<p dir=\"auto\">Argentina Ever-power ISBM Machinery Co., Ltd., kozmetik, i\u00e7ecek, g\u0131da ve ila\u00e7 sekt\u00f6rlerinde tan\u0131nm\u0131\u015f k\u00fcresel markalarla (Cestbon, Haitian, Luhua, Walch, Blue Moon, Proya, Liby, Est\u00e9e Lauder, Walmart, Dasenlin ve Shanliang Eye Drops dahil) i\u015f birli\u011fi yaparak, ambalaj verimlili\u011fini ve \u00fcr\u00fcn kalitesini art\u0131ran \u00f6zel \u00e7\u00f6z\u00fcmler sunmaktad\u0131r.<\/p>\n<p>[\/et_pb_text][et_pb_button button_url=&#8221;https:\/\/isbmsolution.com\/contact\/&#8221; button_text=&#8221;Partner with us&#8221; _builder_version=&#8221;4.27.4&#8243; _module_preset=&#8221;64b523d5-db27-4504-8647-85f3abcdd6e1&#8243; global_colors_info=&#8221;{}&#8221;][\/et_pb_button][\/et_pb_column][\/et_pb_row][\/et_pb_section]<\/p>","protected":false},"excerpt":{"rendered":"<p>About UsArgentina Ever-power ISBM Machinery Co., Ltd., a leading injection stretch blow molding machine manufacturer and ISBM supplier, was established in 2005 in Buenos Aires, Argentina, initially focusing on the development of innovative blow molding technologies. This was followed by a strategic restructuring and significant expansion in 2018, resulting in a cutting-edge production facility spanning [&hellip;]<\/p>","protected":false},"author":1,"featured_media":0,"parent":0,"menu_order":0,"comment_status":"closed","ping_status":"closed","template":"","meta":{"_et_pb_use_builder":"on","_et_pb_old_content":"","_et_gb_content_width":"","footnotes":""},"class_list":["post-187","page","type-page","status-publish","hentry"],"_links":{"self":[{"href":"https:\/\/isbmsolution.com\/tr\/wp-json\/wp\/v2\/pages\/187","targetHints":{"allow":["GET"]}}],"collection":[{"href":"https:\/\/isbmsolution.com\/tr\/wp-json\/wp\/v2\/pages"}],"about":[{"href":"https:\/\/isbmsolution.com\/tr\/wp-json\/wp\/v2\/types\/page"}],"author":[{"embeddable":true,"href":"https:\/\/isbmsolution.com\/tr\/wp-json\/wp\/v2\/users\/1"}],"replies":[{"embeddable":true,"href":"https:\/\/isbmsolution.com\/tr\/wp-json\/wp\/v2\/comments?post=187"}],"version-history":[{"count":10,"href":"https:\/\/isbmsolution.com\/tr\/wp-json\/wp\/v2\/pages\/187\/revisions"}],"predecessor-version":[{"id":222,"href":"https:\/\/isbmsolution.com\/tr\/wp-json\/wp\/v2\/pages\/187\/revisions\/222"}],"wp:attachment":[{"href":"https:\/\/isbmsolution.com\/tr\/wp-json\/wp\/v2\/media?parent=187"}],"curies":[{"name":"wp","href":"https:\/\/api.w.org\/{rel}","templated":true}]}}