{"id":239,"date":"2026-03-03T03:41:37","date_gmt":"2026-03-03T03:41:37","guid":{"rendered":"https:\/\/isbmsolution.com\/?post_type=product&#038;p=239"},"modified":"2026-03-03T05:12:29","modified_gmt":"2026-03-03T05:12:29","slug":"full-servo-one-step-injection-stretch-blow-moulding-machine3-station-hgy50-v3-ev","status":"publish","type":"product","link":"https:\/\/isbmsolution.com\/tr\/urun\/full-servo-one-step-injection-stretch-blow-moulding-machine3-station-hgy50-v3-ev\/","title":{"rendered":"Tam Servo Tek A\u015famal\u0131 Enjeksiyonlu Stre\u00e7 \u015ei\u015firme Kal\u0131plama Makinesi (3 \u0130stasyonlu) HGY50-V3-EV"},"content":{"rendered":"<div class=\"machine-specs-container\">\n<p><!-- Machine Parameter Section --><\/p>\n<div class=\"specs-section\">\n<h3>Makine Parametreleri<\/h3>\n<table class=\"isbm-table\">\n<thead>\n<tr>\n<th>Parametre<\/th>\n<th>De\u011fer<\/th>\n<\/tr>\n<\/thead>\n<tbody>\n<tr>\n<td>Vida \u00c7ap\u0131<\/td>\n<td>40 mm (iste\u011fe ba\u011fl\u0131)<\/td>\n<\/tr>\n<tr>\n<td>Teorik Enjeksiyon Kapasitesi<\/td>\n<td>239g;<\/td>\n<\/tr>\n<tr>\n<td>Enjeksiyon s\u0131k\u0131\u015ft\u0131rma kuvveti<\/td>\n<td>50KN;<\/td>\n<\/tr>\n<tr>\n<td>\u00dcst kal\u0131p vuru\u015fu<\/td>\n<td>280 mm;<\/td>\n<\/tr>\n<tr>\n<td>Alt kal\u0131p vuru\u015fu<\/td>\n<td>280 mm;<\/td>\n<\/tr>\n<tr>\n<td>\u00c7\u0131karma vuru\u015fu<\/td>\n<td>150 mm;<\/td>\n<\/tr>\n<tr>\n<td>\u00dcfleme s\u0131k\u0131\u015ft\u0131rma kuvveti<\/td>\n<td>100 kN (tek tarafl\u0131);<\/td>\n<\/tr>\n<tr>\n<td>\u00dcfleme merkezi vuru\u015fu<\/td>\n<td>100 mm;<\/td>\n<\/tr>\n<tr>\n<td>\u015ei\u015firme kal\u0131plama darbesi<\/td>\n<td>60+60 mm;<\/td>\n<\/tr>\n<tr>\n<td>Enjeksiyon S\u0131k\u0131\u015ft\u0131rma Kuvveti<\/td>\n<td>KN 50<\/td>\n<\/tr>\n<tr>\n<td>\u00dcfleme S\u0131k\u0131\u015ft\u0131rma Kuvveti<\/td>\n<td>KN 100<\/td>\n<\/tr>\n<tr>\n<td>Motor G\u00fcc\u00fc<\/td>\n<td>KW 34.8<\/td>\n<\/tr>\n<tr>\n<td>Is\u0131tma G\u00fcc\u00fc<\/td>\n<td>KW 10.4<\/td>\n<\/tr>\n<tr>\n<td>hava bas\u0131nc\u0131 \u00fcfleme<\/td>\n<td>MPa 2.0-3.5<\/td>\n<\/tr>\n<tr>\n<td>So\u011futma Suyu Bas\u0131nc\u0131<\/td>\n<td>MPa 0,4-0,6<\/td>\n<\/tr>\n<tr>\n<td>Gerilim<\/td>\n<td>V 370-400<\/td>\n<\/tr>\n<tr>\n<td>Boyut (Uzunluk*Geni\u015flik*Y\u00fckseklik)<\/td>\n<td>MM 3800*1200*2500<\/td>\n<\/tr>\n<tr>\n<td>A\u011f\u0131rl\u0131k<\/td>\n<td>T 3.5<\/td>\n<\/tr>\n<\/tbody>\n<\/table>\n<p><!-- Product Specifications Table --><\/p>\n<h3>\u00dcr\u00fcn \u00d6zellikleri<\/h3>\n<table class=\"isbm-table\">\n<thead>\n<tr>\n<th>\u00d6\u011fe<\/th>\n<th>Birim<\/th>\n<th>De\u011fer<\/th>\n<\/tr>\n<\/thead>\n<tbody>\n<tr>\n<td>\u0130sim<\/td>\n<td><\/td>\n<td>Tek A\u015famal\u0131 Enjeksiyonlu Gerdirme \u015ei\u015firme Kal\u0131plama Makinesi (3 \u0130stasyonlu)<\/td>\n<\/tr>\n<tr>\n<td>Model<\/td>\n<td><\/td>\n<td>HGY50-V3-EV<\/td>\n<\/tr>\n<tr>\n<td>\u00dcretici<\/td>\n<td><\/td>\n<td>HENGGANG<\/td>\n<\/tr>\n<tr>\n<td>Malzeme<\/td>\n<td><\/td>\n<td>PET\/PETG<\/td>\n<\/tr>\n<tr>\n<td>Vida \u00c7ap\u0131<\/td>\n<td>MM<\/td>\n<td>40 50 55<\/td>\n<\/tr>\n<tr>\n<td>Teorik Enjeksiyon Hacmi<\/td>\n<td>CM\u00b3<\/td>\n<td>239 315 442<\/td>\n<\/tr>\n<tr>\n<td>Vidan\u0131n D\u00f6nme H\u0131z\u0131 (RPM)<\/td>\n<td>devir<\/td>\n<td>240 180 150<\/td>\n<\/tr>\n<tr>\n<td>\u00dcr\u00fcn Boyutlar\u0131<\/td>\n<td><\/td>\n<td><\/td>\n<\/tr>\n<tr>\n<td>\u00dcr\u00fcn Miktar\u0131<\/td>\n<td>PCS<\/td>\n<td>1 2 3 4 5 6<\/td>\n<\/tr>\n<tr>\n<td>\u015ei\u015fe \u00c7ap\u0131<\/td>\n<td>MM<\/td>\n<td>100 90 62 45 35 28<\/td>\n<\/tr>\n<tr>\n<td>\u015ei\u015fe Y\u00fcksekli\u011fi<\/td>\n<td>MM<\/td>\n<td>100<\/td>\n<\/tr>\n<tr>\n<td>Boyun \u00c7ap\u0131<\/td>\n<td>MM<\/td>\n<td>60 38 30 27 20 17<\/td>\n<\/tr>\n<tr>\n<td>Maksimum \u015ei\u015fe Hacmi<\/td>\n<td>ML<\/td>\n<td>2500 1500 800 400 250 100<\/td>\n<\/tr>\n<tr>\n<td>Maksimum \u015ei\u015fe A\u011f\u0131rl\u0131\u011f\u0131<\/td>\n<td>G<\/td>\n<td>130 85 43 32 26 22<\/td>\n<\/tr>\n<\/tbody>\n<\/table>\n<\/div>\n<\/div>\n<h2>Tam Servo Tek Ad\u0131ml\u0131 Enjeksiyonlu Stre\u00e7 \u015ei\u015firme Kal\u0131plama Makinesi (3 \u0130stasyonlu) HGY50-V3-EV'nin Genel Bak\u0131\u015f\u0131<\/h2>\n<p>Tam Servo Tek A\u015famal\u0131 Enjeksiyonlu Stre\u00e7 \u015ei\u015firme Kal\u0131plama Makinesi (3 \u0130stasyonlu) HGY50-V3-EV, hassas plastik kap \u00fcretimi i\u00e7in tasarlanm\u0131\u015f geli\u015fmi\u015f bir sistemdir. <a href=\"https:\/\/isbmsolution.com\/tr\/\">ISBM makinesi<\/a> Enjeksiyon, germe ve \u015fi\u015firme i\u015flemlerini tek bir d\u00f6ng\u00fcde birle\u015ftiren bu makine, \u00fcretim s\u00fcre\u00e7lerini kolayla\u015ft\u0131ran tek a\u015famal\u0131 enjeksiyonlu germe \u015fi\u015firme kal\u0131plama makinesi arayanlar i\u00e7in idealdir. \u00d6ne \u00e7\u0131kan bir model olarak, uygun maliyetli y\u00fcksek performans sunarak ISBM makine fiyat\u0131 endi\u015felerini giderir. HGY50-V3-EV, be\u015f eksenli servo kontrol sistemi kullan\u0131r ve bu da tam servo ISBM makine arayanlar i\u00e7in hayati \u00f6nem ta\u015f\u0131yan do\u011fruluk ve kararl\u0131l\u0131\u011f\u0131 sa\u011flar.<\/p>\n<p>VICHI\/WEICHI'den toplam 34,8 kW servo motor g\u00fcc\u00fcyle, temel i\u015flevler i\u00e7in sa\u011flam destek sa\u011flar. Japon MILE PLC, \u00fcst\u00fcn kararl\u0131l\u0131k ve parazit direnci sunarak s\u00fcre\u00e7leri hassas bir \u015fekilde denetler. 3 istasyonlu \u015fi\u015firme kal\u0131plama ekipman\u0131 al\u0131c\u0131lar\u0131 i\u00e7in HGY50-V3-EV, Tayvan hassas rulmanlar\u0131 ve Japon plakalar\u0131yla indekslemede \u00fcst\u00fcn performans g\u00f6stererek k\u00fcresel standartlar\u0131 kar\u015f\u0131lar.<\/p>\n<h2>G\u00fc\u00e7 Yap\u0131land\u0131rma ve Kontrol Sistemleri<\/h2>\n<p>G\u00fc\u00e7 sistemi, g\u00fcvenilir \u00e7ekirdek hareketi sa\u011flayan 34,8 kW servo motorlara sahiptir. G\u00fcvenilir kontrole sahip ISBM makinesi sat\u0131n al\u0131m\u0131nda, ithal MILE PLC operasyonel hassasiyeti garanti eder. Bu konfig\u00fcrasyon, HGY50-V3-EV'yi zorlu ortamlarda tutarl\u0131 \u00e7\u0131kt\u0131 gerektiren HGY50-V3-EV \u00f6zelliklerine uygun hale getirir.<\/p>\n<p>Entegre kontrol kutusu sistem entegrasyonunu art\u0131r\u0131rken, vida ve boru i\u00e7in 10,4 kW'l\u0131k \u0131s\u0131tma, etkili malzeme plastikle\u015ftirme i\u00e7in h\u0131zl\u0131 ve istikrarl\u0131 s\u0131cakl\u0131k kontrol\u00fc sa\u011flar. NSK Japan rulmanlar\u0131 a\u015f\u0131nmay\u0131 ve ar\u0131zalar\u0131 azaltarak iletim bile\u015fenlerinin \u00f6mr\u00fcn\u00fc uzat\u0131r.<\/p>\n<h2>Mekanik Yap\u0131 ve Ana Bile\u015fenler<\/h2>\n<p>D\u00f6ner tabla, d\u00fc\u015f\u00fck g\u00fcr\u00fclt\u00fc seviyesi ve verimlilik i\u00e7in y\u00fcksek kaliteli rulmanlar ve red\u00fckt\u00f6rler kullan\u0131r. Amerikan Parker valfleri m\u00fckemmel bas\u0131n\u00e7 y\u00f6netimi sa\u011flarken, PARKER silindirleri istikrarl\u0131 \u015fi\u015firme sa\u011flar. Bu bile\u015fenler, HGY50-V3-EV'yi dayan\u0131kl\u0131 performans i\u00e7in en iyi ISBM makine \u00fcreticisi se\u00e7ene\u011fi haline getirir.<\/p>\n<p>Bas\u0131n\u00e7 koruma \u00f6zelli\u011fine sahip \u00e7ift servo s\u0131k\u0131\u015ft\u0131rma sistemi, kozmetik ambalajlama i\u00e7in enerji verimli ISBM ekipmanlar\u0131nda kalite a\u00e7\u0131s\u0131ndan kritik \u00f6neme sahip olan hassas kuvvet y\u00f6netimini sa\u011flar. Genel olarak, 45,2 kW g\u00fc\u00e7 t\u00fcketimi, verimlilik ve tasarruf aras\u0131nda denge kurarak end\u00fcstriyel enerji standartlar\u0131na uyum sa\u011flar.<\/p>\n<h2>Entegre Kontrol ve Is\u0131tma \u00d6zellikleri<\/h2>\n<p>Kontrol sistemi y\u00fcksek hassasiyet sunar ve \u0131s\u0131tma g\u00fcc\u00fc, optimum i\u015flem i\u00e7in h\u0131zl\u0131 s\u0131cakl\u0131k elde edilmesini destekler. Bu \u00f6zellik, PET \u015fi\u015feler i\u00e7in tam servo tek ad\u0131ml\u0131 enjeksiyonlu germe \u015fi\u015firme kal\u0131plama makinesi i\u00e7in malzeme b\u00fct\u00fcnl\u00fc\u011f\u00fcn\u00fc sa\u011flamada hayati \u00f6neme sahiptir.<\/p>\n<p>NSK'n\u0131n rulmanlar\u0131, hassas d\u00f6n\u00fc\u015fe katk\u0131da bulunarak ar\u0131za s\u00fcrelerini en aza indirir. S\u0131k\u0131\u015ft\u0131rma sistemindeki bas\u0131n\u00e7 koruma \u00f6zelli\u011fi, kal\u0131plama kalitesini art\u0131rarak \u00e7e\u015fitli uygulamalar i\u00e7in ideal hale getirir.<\/p>\n<h2><img loading=\"lazy\" decoding=\"async\" class=\"wp-image-242 aligncenter\" src=\"https:\/\/isbmsolution.com\/wp-content\/uploads\/2026\/03\/One-step-Injection-Stretch-Blowing-Mould.webp\" alt=\"Tek A\u015famal\u0131 Enjeksiyonlu Gerdirme \u015ei\u015firme Kal\u0131b\u0131\" width=\"600\" height=\"789\" srcset=\"https:\/\/isbmsolution.com\/wp-content\/uploads\/2026\/03\/One-step-Injection-Stretch-Blowing-Mould.webp 600w, https:\/\/isbmsolution.com\/wp-content\/uploads\/2026\/03\/One-step-Injection-Stretch-Blowing-Mould-480x631.webp 480w\" sizes=\"(min-width: 0px) and (max-width: 480px) 480px, (min-width: 481px) 600px, 100vw\" \/><\/h2>\n<h2>Enerji Verimlili\u011fi ve Operasyonel Parametreler<\/h2>\n<p>Orta d\u00fczeyde g\u00fc\u00e7 t\u00fcketimiyle bu model, s\u00fcrd\u00fcr\u00fclebilir \u00fcretimi destekler. \u015eeffafl\u0131k sa\u011flamak amac\u0131yla cilt bak\u0131m \u00fcr\u00fcnleri \u015fi\u015feleri gibi kozmetik kaplar\u0131 \u00fcretir. \u0130\u00e7ecek sekt\u00f6r\u00fcnde ise \u00fcst\u00fcn s\u0131zd\u0131rmazl\u0131k \u00f6zelli\u011fine sahip 100 ml'den 5000 ml'ye kadar PET \u015fi\u015feler \u00fcretir.<\/p>\n<p>Ya\u011f ambalaj\u0131 i\u00e7in dayan\u0131kl\u0131 kaplar \u00fcretir. Geni\u015f a\u011f\u0131zl\u0131 g\u0131da kavanozlar\u0131 saklamay\u0131 kolayla\u015ft\u0131r\u0131r. \u0130la\u00e7 \u015fi\u015feleri sterilite gereksinimlerini kar\u015f\u0131lar ve bebek kaplar\u0131 \u0131s\u0131ya dayan\u0131kl\u0131 g\u00fcvenli malzemeler kullan\u0131r.<\/p>\n<h2>\u00dcr\u00fcn \u00c7ok Y\u00f6nl\u00fcl\u00fc\u011f\u00fc ve Uygulamalar\u0131<\/h2>\n<p>HGY50-V3-EV, parf\u00fcm \u015fi\u015felerinden meyve suyu kaplar\u0131na kadar \u00e7e\u015fitli \u00fcr\u00fcnleri i\u015fleyebilir. \u00c7ok y\u00f6nl\u00fcl\u00fc\u011f\u00fc sayesinde ASB AOKI i\u00e7in 3 istasyonlu ISBM makinesinin yerine ge\u00e7ebilir ve daha iyi verimlilik ve uyumluluk sunar.<\/p>\n<p>Kozmetik \u00fcr\u00fcnlerinde dayan\u0131kl\u0131 ambalajlama sa\u011flan\u0131r. \u0130\u00e7ecekler hafif tasar\u0131mlardan faydalan\u0131r. Ya\u011f kaplar\u0131 sa\u011flaml\u0131\u011f\u0131 vurgular. G\u0131da kavanozlar\u0131 doldurmay\u0131 kolayla\u015ft\u0131r\u0131r. \u0130la\u00e7lar standartlara uygundur. Bebek \u00fcr\u00fcnlerinde g\u00fcvenlik \u00f6n plandad\u0131r.<\/p>\n<h2><img loading=\"lazy\" decoding=\"async\" class=\"wp-image-243 aligncenter\" src=\"https:\/\/isbmsolution.com\/wp-content\/uploads\/2026\/03\/production-result.webp\" alt=\"Enjeksiyonlu Gerdirme \u015ei\u015firme Kal\u0131plama Makinesi \u00fcretim sonucu\" width=\"600\" height=\"747\" srcset=\"https:\/\/isbmsolution.com\/wp-content\/uploads\/2026\/03\/production-result.webp 600w, https:\/\/isbmsolution.com\/wp-content\/uploads\/2026\/03\/production-result-480x597.webp 480w\" sizes=\"(min-width: 0px) and (max-width: 480px) 480px, (min-width: 481px) 600px, 100vw\" \/><\/h2>\n<h2>Vaka \u00c7al\u0131\u015fmalar\u0131 ve Ger\u00e7ek D\u00fcnya Uygulamalar\u0131<\/h2>\n<p>\u015eanghay'daki bir kozmetik fabrikas\u0131 bu makineyi entegre ederek \u00fcretimini 251 TP3T art\u0131rd\u0131 ve kusurlar\u0131 11 TP3T'ye d\u00fc\u015f\u00fcrd\u00fc. Tokyo'daki bir i\u00e7ecek tesisi ise AOKI'nin yerine bu makineyi kullanarak kaliteyi korurken 301 TP3T enerji tasarrufu sa\u011flad\u0131.<\/p>\n<p>Londra'da bir ila\u00e7 firmas\u0131, AB standartlar\u0131n\u0131 kar\u015f\u0131layan ve verimlili\u011fi 20% oran\u0131nda art\u0131ran g\u00f6z damlas\u0131 \u00fcretimi i\u00e7in bu y\u00f6ntemi benimsedi. Sao Paulo'daki g\u0131da i\u015fletmeleri, kavanozlar i\u00e7in malzeme kullan\u0131m\u0131n\u0131 iyile\u015ftirdi. Los Angeles'taki bebek \u00fcr\u00fcnleri \u00fcreticileri ise tutarl\u0131 ve g\u00fcvenli \u00fcretim sa\u011fland\u0131\u011f\u0131n\u0131 belirtti.<\/p>\n<h2>Argentina Ever-power ISBM Machinery Co., Ltd.: \u015ei\u015firme Kal\u0131plama Teknolojisinde \u00d6nc\u00fcler<\/h2>\n<p>2005 y\u0131l\u0131nda Buenos Aires'te kurulan ve 2018 y\u0131l\u0131nda C\u00f3rdoba'da 15.000 metrekareden fazla alana sahip bir tesisle geni\u015fleyen \u015firketimiz, ISBM geli\u015ftirme konusunda uzmanla\u015fm\u0131\u015ft\u0131r. 20 y\u0131l\u0131 a\u015fk\u0131n deneyimimiz ve patentlerimizle, kozmetik ve daha fazlas\u0131 i\u00e7in \u00e7ok malzemeli \u00e7\u00f6z\u00fcmler sunuyoruz. Modellerimiz aras\u0131nda 2500 ml i\u00e7in EP-70V4, hassasiyet i\u00e7in EP-50V3-EV ve kapasite i\u00e7in EP-150V4 bulunmaktad\u0131r. Yenili\u011fe olan ba\u011fl\u0131l\u0131\u011f\u0131m\u0131z, Cestbon ve Est\u00e9e Lauder ile ortakl\u0131k kurarak tek elden hizmet sunmam\u0131z\u0131 sa\u011flamaktad\u0131r.<\/p>\n<h3><img loading=\"lazy\" decoding=\"async\" class=\"aligncenter\" src=\"https:\/\/isbmsolution.com\/wp-content\/uploads\/2026\/02\/company-factory.webp\" alt=\"enjeksiyon germe \u015fi\u015firme kal\u0131plama makinesi \u00fcreticisi\" width=\"1001\" height=\"341\" \/><\/h3>\n<h3>D\u00fcnyan\u0131n d\u00f6rt bir yan\u0131ndan kullan\u0131c\u0131 yorumlar\u0131<\/h3>\n<p>Los Angeles'tan bir m\u00fc\u015fteri: \"Bu makineyi i\u00e7ecek hatt\u0131m\u0131zda kullan\u0131yoruz ve g\u00fcnl\u00fck kullan\u0131ma ra\u011fmen gayet iyi performans g\u00f6steriyor. Kurulumu kolayd\u0131 ve fazla ar\u0131za olmadan y\u00fcksek hacmi kar\u015f\u0131l\u0131yor.\"<\/p>\n<p>Tokyo'dan bir m\u00fc\u015fteri: \"Kozmetik fabrikam\u0131zda makine i\u015f ak\u0131\u015f\u0131m\u0131za tam olarak uyuyor. \u015ei\u015fe \u015fekilleriyle uyumlu ve k\u00fc\u00e7\u00fck bir ayarlama gerekti\u011finde destek ekibi h\u0131zl\u0131 bir \u015fekilde yan\u0131t verdi.\"<\/p>\n<p>\u015eanghay'dan bir m\u00fc\u015fteri: \"\u0130la\u00e7 ambalajlamas\u0131nda kullan\u0131yoruz ve \u015fu ana kadar g\u00fcvenilir oldu. Enerji t\u00fcketimi \u00f6nceki sistemimize g\u00f6re belirgin \u015fekilde daha d\u00fc\u015f\u00fck, bu da maliyetleri d\u00fc\u015f\u00fcrmeye yard\u0131mc\u0131 oluyor.\"<\/p>\n<p>Londra'dan bir m\u00fc\u015fteri: \"Yiyecek kavanozlar\u0131 i\u00e7in bu ekipman i\u015fini iyi yap\u0131yor. Daha az ar\u0131za fark ettik ve farkl\u0131 boyutlar aras\u0131nda ge\u00e7i\u015f yapmak kolay.\"<\/p>\n<p>Sao Paulo'dan bir m\u00fc\u015fteri: \"Bebek \u00fcr\u00fcnleri \u00fcretiminde makine sorunsuz \u00e7al\u0131\u015f\u0131yor. Bak\u0131m\u0131 basit ve \u00fcretim program\u0131m\u0131za sorunsuz bir \u015fekilde ayak uyduruyor.\"<\/p>","protected":false},"excerpt":{"rendered":"<p dir=\"auto\">Tam Servo Tek Ad\u0131ml\u0131 Enjeksiyonlu Germe ve \u015ei\u015firme Kal\u0131plama Makinesi (3 \u0130stasyonlu) HGY50-V3-EV, hassas plastik kap \u00fcretimi i\u00e7in enjeksiyon, germe ve \u015fi\u015firmeyi entegre eden geli\u015fmi\u015f bir ISBM sistemidir. Be\u015f eksenli servo kontrol\u00fc, 34,8 kW g\u00fcc\u00fc ve Japon MILE PLC'si ile donat\u0131lm\u0131\u015f olup, toplam 45,2 kW'a kadar enerji tasarruflu \u00e7al\u0131\u015fma ile PET\/PETG malzemelerini destekler. Kozmetik, i\u00e7ecek, ila\u00e7 ve daha bir\u00e7ok sekt\u00f6r i\u00e7in ideal olan bu makine, y\u00fcksek stabilite, d\u00fc\u015f\u00fck hata oran\u0131 ve ASB\/AOKI modellerinin sorunsuz bir \u015fekilde yerine ge\u00e7ebilme \u00f6zelli\u011fi sunar.<\/p>","protected":false},"featured_media":241,"comment_status":"open","ping_status":"closed","template":"","meta":{"_et_pb_use_builder":"","_et_pb_old_content":"","_et_gb_content_width":""},"product_brand":[],"product_cat":[19],"product_tag":[20],"class_list":{"0":"post-239","1":"product","2":"type-product","3":"status-publish","4":"has-post-thumbnail","6":"product_cat-injection-stretch-blow-molding-machine","7":"product_tag-injection-stretch-blow-molding-machine","9":"first","10":"instock","11":"shipping-taxable","12":"product-type-simple"},"_links":{"self":[{"href":"https:\/\/isbmsolution.com\/tr\/wp-json\/wp\/v2\/product\/239","targetHints":{"allow":["GET"]}}],"collection":[{"href":"https:\/\/isbmsolution.com\/tr\/wp-json\/wp\/v2\/product"}],"about":[{"href":"https:\/\/isbmsolution.com\/tr\/wp-json\/wp\/v2\/types\/product"}],"replies":[{"embeddable":true,"href":"https:\/\/isbmsolution.com\/tr\/wp-json\/wp\/v2\/comments?post=239"}],"wp:featuredmedia":[{"embeddable":true,"href":"https:\/\/isbmsolution.com\/tr\/wp-json\/wp\/v2\/media\/241"}],"wp:attachment":[{"href":"https:\/\/isbmsolution.com\/tr\/wp-json\/wp\/v2\/media?parent=239"}],"wp:term":[{"taxonomy":"product_brand","embeddable":true,"href":"https:\/\/isbmsolution.com\/tr\/wp-json\/wp\/v2\/product_brand?post=239"},{"taxonomy":"product_cat","embeddable":true,"href":"https:\/\/isbmsolution.com\/tr\/wp-json\/wp\/v2\/product_cat?post=239"},{"taxonomy":"product_tag","embeddable":true,"href":"https:\/\/isbmsolution.com\/tr\/wp-json\/wp\/v2\/product_tag?post=239"}],"curies":[{"name":"wp","href":"https:\/\/api.w.org\/{rel}","templated":true}]}}