{"id":247,"date":"2026-03-03T05:34:38","date_gmt":"2026-03-03T05:34:38","guid":{"rendered":"https:\/\/isbmsolution.com\/?post_type=product&#038;p=247"},"modified":"2026-03-03T05:37:45","modified_gmt":"2026-03-03T05:37:45","slug":"one-step-injection-stretch-blow-moulding-machine4-station-hgy150-v4","status":"publish","type":"product","link":"https:\/\/isbmsolution.com\/tr\/urun\/one-step-injection-stretch-blow-moulding-machine4-station-hgy150-v4\/","title":{"rendered":"Tek A\u015famal\u0131 Enjeksiyonlu Stre\u00e7 \u015ei\u015firme Kal\u0131plama Makinesi (4 \u0130stasyonlu) HGY150-V4"},"content":{"rendered":"<h3>Makine Parametreleri<\/h3>\n<table class=\"isbm-table\">\n<thead>\n<tr>\n<th>Parametre<\/th>\n<th>De\u011fer<\/th>\n<\/tr>\n<\/thead>\n<tbody>\n<tr>\n<td>Vida \u00c7ap\u0131<\/td>\n<td>50 mm (iste\u011fe ba\u011fl\u0131);<\/td>\n<\/tr>\n<tr>\n<td>Teorik Enjeksiyon Kapasitesi<\/td>\n<td>310g;<\/td>\n<\/tr>\n<tr>\n<td>Enjeksiyon s\u0131k\u0131\u015ft\u0131rma kuvveti<\/td>\n<td>150 kN;<\/td>\n<\/tr>\n<tr>\n<td>\u00dcst kal\u0131p vuru\u015fu<\/td>\n<td>250 mm;<\/td>\n<\/tr>\n<tr>\n<td>Alt kal\u0131p vuru\u015fu<\/td>\n<td>205 mm;<\/td>\n<\/tr>\n<tr>\n<td>S\u0131cakl\u0131k. Temel vuru\u015fu d\u00fczenleme<\/td>\n<td>250 mm;<\/td>\n<\/tr>\n<tr>\n<td>S\u0131cakl\u0131k, namlu strokunu d\u00fczenliyor.<\/td>\n<td>230 mm;<\/td>\n<\/tr>\n<tr>\n<td>\u00c7\u0131karma vuru\u015fu<\/td>\n<td>170 mm;<\/td>\n<\/tr>\n<tr>\n<td>\u00dcfleme s\u0131k\u0131\u015ft\u0131rma kuvveti<\/td>\n<td>200 kN (tek tarafl\u0131);<\/td>\n<\/tr>\n<tr>\n<td>\u00dcfleme merkezi vuru\u015fu<\/td>\n<td>250 mm;<\/td>\n<\/tr>\n<tr>\n<td>\u015ei\u015firme kal\u0131plama darbesi<\/td>\n<td>75+75 mm;<\/td>\n<\/tr>\n<tr>\n<td>Petrol tank\u0131 VOL<\/td>\n<td>300 litre;<\/td>\n<\/tr>\n<tr>\n<td>Boyut (Uzunluk*Geni\u015flik*Y\u00fckseklik)<\/td>\n<td>4,2*1,4*2,9m;<\/td>\n<\/tr>\n<tr>\n<td>A\u011f\u0131rl\u0131k<\/td>\n<td>6T.<\/td>\n<\/tr>\n<\/tbody>\n<\/table>\n<p><!-- Product Specifications Table --><\/p>\n<h3>\u00dcr\u00fcn \u00d6zellikleri<\/h3>\n<table class=\"isbm-table\">\n<thead>\n<tr>\n<th>\u00d6\u011fe<\/th>\n<th>Birim<\/th>\n<th>De\u011fer<\/th>\n<\/tr>\n<\/thead>\n<tbody>\n<tr>\n<td>\u0130sim<\/td>\n<td><\/td>\n<td>Tek A\u015famal\u0131 Enjeksiyonlu Gerdirme \u015ei\u015firme Kal\u0131plama Makinesi (4 \u0130stasyonlu)<\/td>\n<\/tr>\n<tr>\n<td>Model<\/td>\n<td><\/td>\n<td>HGY150-V4<\/td>\n<\/tr>\n<tr>\n<td>\u00dcretici<\/td>\n<td><\/td>\n<td>HENGGANG<\/td>\n<\/tr>\n<tr>\n<td>Malzeme<\/td>\n<td><\/td>\n<td>PET\/PETG<\/td>\n<\/tr>\n<tr>\n<td>Vida \u00c7ap\u0131<\/td>\n<td>MM<\/td>\n<td>40 50 55 60<\/td>\n<\/tr>\n<tr>\n<td>Teorik Enjeksiyon Hacmi<\/td>\n<td>CM\u00b3<\/td>\n<td>180 310 380 480<\/td>\n<\/tr>\n<tr>\n<td>Vidan\u0131n D\u00f6nme H\u0131z\u0131 (RPM)<\/td>\n<td>r\/dakika<\/td>\n<td>270 180 150 ~ 220<\/td>\n<\/tr>\n<tr>\n<td>Enjeksiyon S\u0131k\u0131\u015ft\u0131rma Kuvveti<\/td>\n<td>KN<\/td>\n<td>150<\/td>\n<\/tr>\n<tr>\n<td>\u00dcfleme S\u0131k\u0131\u015ft\u0131rma Kuvveti<\/td>\n<td>KN<\/td>\n<td>200<\/td>\n<\/tr>\n<tr>\n<td>Motor G\u00fcc\u00fc<\/td>\n<td>KW<\/td>\n<td>43.2<\/td>\n<\/tr>\n<tr>\n<td>Is\u0131tma G\u00fcc\u00fc<\/td>\n<td>KW<\/td>\n<td>10<\/td>\n<\/tr>\n<tr>\n<td>hava bas\u0131nc\u0131 \u00fcfleme<\/td>\n<td>MPa<\/td>\n<td>2.0-3.5<\/td>\n<\/tr>\n<tr>\n<td>So\u011futma Suyu Bas\u0131nc\u0131<\/td>\n<td>MPa<\/td>\n<td>0.4-0.6<\/td>\n<\/tr>\n<tr>\n<td>Makine Ya\u011f So\u011futucusu Su Bas\u0131nc\u0131<\/td>\n<td>MPa<\/td>\n<td>0.3-0.4<\/td>\n<\/tr>\n<tr>\n<td>Makine Ya\u011f So\u011futucu Su S\u0131cakl\u0131\u011f\u0131<\/td>\n<td>\u2103<\/td>\n<td>20-25<\/td>\n<\/tr>\n<tr>\n<td>Gerilim<\/td>\n<td>V<\/td>\n<td>370-400<\/td>\n<\/tr>\n<tr>\n<td>Boyut (Uzunluk*Geni\u015flik*Y\u00fckseklik)<\/td>\n<td>MM<\/td>\n<td>4200x1400x2900<\/td>\n<\/tr>\n<tr>\n<td>A\u011f\u0131rl\u0131k<\/td>\n<td>T<\/td>\n<td>6<\/td>\n<\/tr>\n<\/tbody>\n<\/table>\n<p><!-- Product Dimensions Table --><\/p>\n<h3>\u00dcr\u00fcn Boyutlar\u0131<\/h3>\n<table class=\"isbm-table\">\n<thead>\n<tr>\n<th>Miktar<\/th>\n<th>PCS<\/th>\n<th>1<\/th>\n<th>2<\/th>\n<th>3<\/th>\n<th>4<\/th>\n<th>5<\/th>\n<th>6<\/th>\n<th>7<\/th>\n<th>8<\/th>\n<\/tr>\n<\/thead>\n<tbody>\n<tr>\n<td>\u015ei\u015fe \u00c7ap\u0131 (BD)<\/td>\n<td>MM<\/td>\n<td>118<\/td>\n<td>80<\/td>\n<td>66<\/td>\n<td>54<\/td>\n<td>45<\/td>\n<td>28<\/td>\n<td>26<\/td>\n<td><\/td>\n<\/tr>\n<tr>\n<td>\u015ei\u015fe Y\u00fcksekli\u011fi (H)<\/td>\n<td>MM<\/td>\n<td>210<\/td>\n<td colspan=\"3\">150<\/td>\n<td colspan=\"4\">100<\/td>\n<\/tr>\n<tr>\n<td>Boyun \u00c7ap\u0131 (E)<\/td>\n<td>MM<\/td>\n<td>83<\/td>\n<td>62<\/td>\n<td>48<\/td>\n<td>38<\/td>\n<td>32<\/td>\n<td>25<\/td>\n<td>17<\/td>\n<td>15<\/td>\n<\/tr>\n<tr>\n<td>Maksimum \u015ei\u015fe Hacmi<\/td>\n<td>ML<\/td>\n<td>2500<\/td>\n<td>1500<\/td>\n<td>900<\/td>\n<td>400<\/td>\n<td>250<\/td>\n<td>100<\/td>\n<td>30<\/td>\n<td>20<\/td>\n<\/tr>\n<tr>\n<td>Maksimum \u015ei\u015fe A\u011f\u0131rl\u0131\u011f\u0131 (W)<\/td>\n<td>G<\/td>\n<td>130<\/td>\n<td>65<\/td>\n<td>43<\/td>\n<td>32<\/td>\n<td>22<\/td>\n<td>18<\/td>\n<td>16<\/td>\n<td><\/td>\n<\/tr>\n<\/tbody>\n<\/table>\n<h2>Tek A\u015famal\u0131 Enjeksiyonlu Gerdirme \u015ei\u015firme Kal\u0131plama Makinesi (4 \u0130stasyonlu) HGY150-V4'\u00fcn Genel Bak\u0131\u015f\u0131<\/h2>\n<p>Tek A\u015famal\u0131 Enjeksiyonlu Germe \u015ei\u015firme Kal\u0131plama Makinesi (4 \u0130stasyonlu) HGY150-V4, verimli plastik kap \u00fcretimi i\u00e7in yenilik\u00e7i bir sistemdir. Bu ISBM makinesi, enjeksiyon, germe ve \u015fi\u015firmeyi tek bir d\u00f6ng\u00fcde birle\u015ftirerek, optimize edilmi\u015f \u00fcretim i\u00e7in tek a\u015famal\u0131 enjeksiyonlu germe \u015fi\u015firme kal\u0131plama makinesi arayanlar i\u00e7in m\u00fckemmeldir. \u00d6nemli bir model olarak, a\u015fa\u011f\u0131daki sorunlar\u0131 ele almaktad\u0131r:<a href=\"https:\/\/isbmsolution.com\/tr\/\"> ISBM makinesi<\/a> Rekabet\u00e7i fiyat ve y\u00fcksek performans sunan HGY150-V4, 4 istasyonlu \u015fi\u015firme kal\u0131plama ekipman\u0131 arayanlar i\u00e7in gerekli olan istikrarl\u0131 hidrolik \u00e7\u0131k\u0131\u015f i\u00e7in \u00fc\u00e7 servo pompa sistemi kullan\u0131r.<\/p>\n<p>WEICHI\/VICHI'nin 43,2 kW servo motor g\u00fcc\u00fcyle g\u00fcvenilir temel hareketler sunar. Japon MILE PLC, y\u00fcksek stabilite ve hassasiyet sa\u011flayarak s\u00fcre\u00e7leri do\u011fru bir \u015fekilde y\u00f6netir. Geli\u015fmi\u015f kontrol sistemine sahip ISBM makinesi sat\u0131n almak isteyenler i\u00e7in bu model, \u00e7al\u0131\u015fma ak\u0131c\u0131l\u0131\u011f\u0131 konusunda \u00fcst\u00fcnl\u00fck sa\u011flar.<\/p>\n<h2>Tek A\u015famal\u0131 Enjeksiyonlu Gerdirme \u015ei\u015firme Kal\u0131plama Makinesinde (4 \u0130stasyonlu) HGY150-V4 G\u00fc\u00e7 Yap\u0131land\u0131rmas\u0131 ve Kontrol\u00fc<\/h2>\n<p>G\u00fc\u00e7 sistemi, tutarl\u0131 performans sa\u011flayan 43,2 kW'l\u0131k motorlar i\u00e7erir. \u0130thal MILE PLC, parazit \u00f6nleme ve kontrol do\u011frulu\u011funu garanti eder. Bu da HGY150-V4'\u00fc end\u00fcstriyel ortamlarda g\u00fcvenilirlik gerektiren HGY150-V4 \u00f6zelliklerine uygun hale getirir.<\/p>\n<p>Entegre kontrol kutusu y\u00fcksek entegrasyon sa\u011flarken, hidrolik bas\u0131n\u00e7 hassas ayarlama i\u00e7in Tayvan yap\u0131m\u0131 YUKEN vanalar\u0131 kullan\u0131r. \u0130talya'dan gelen ya\u011f borular\u0131 korozyon direnci sa\u011flayarak dayan\u0131kl\u0131l\u0131\u011f\u0131 art\u0131r\u0131r.<\/p>\n<h2>Tek A\u015famal\u0131 Enjeksiyonlu Gerdirme \u015ei\u015firme Kal\u0131plama Makinesi (4 \u0130stasyonlu) HGY150-V4'\u00fcn Mekanik Yap\u0131s\u0131 ve Bile\u015fenleri<\/h2>\n<p>D\u00f6ner tabla, y\u00fcksek hassasiyet i\u00e7in Japon Yakagawa servo motoru ve Tayvan indeksleme plakas\u0131na sahiptir. Red\u00fckt\u00f6rl\u00fc WEICHI servo, d\u00fc\u015f\u00fck g\u00fcr\u00fclt\u00fc ve verimlilik sa\u011flar. Amerikan Parker valfleri y\u00fcksek bas\u0131nca dayan\u0131kl\u0131d\u0131r ve AirTAC silindirleri istikrarl\u0131 hareketleri korur. Bu \u00f6zellikler, HGY150-V4'\u00fc sa\u011flam operasyonlar i\u00e7in en iyi ISBM makine \u00fcreticisi se\u00e7ene\u011fi haline getirir.<\/p>\n<p>Dengelemeli \u00e7ift hidrolik veya servo s\u0131k\u0131\u015ft\u0131rma, kozmetik ambalajlama i\u00e7in enerji verimli ISBM ekipmanlar\u0131nda kalite a\u00e7\u0131s\u0131ndan hayati \u00f6nem ta\u015f\u0131yan hassas kuvvet kontrol\u00fc sa\u011flar. 10 kW nano-k\u0131z\u0131l\u00f6tesi \u0131s\u0131tma halkas\u0131, malzeme plastikle\u015ftirme i\u00e7in homojen s\u0131cakl\u0131k sunar.<\/p>\n<h2>Tek A\u015famal\u0131 Enjeksiyonlu Gerdirme \u015ei\u015firme Kal\u0131plama Makinesinde (4 \u0130stasyonlu) Entegre Kontrol ve Is\u0131tma \u00d6zellikleri (HGY150-V4)<\/h2>\n<p>Kontrol sistemi, dahili s\u0131cakl\u0131k d\u00fczenleme se\u00e7enekleriyle do\u011fruluk ve kullan\u0131m kolayl\u0131\u011f\u0131 sa\u011flar. Bu \u00f6zellik, PET \u015fi\u015feler i\u00e7in tek a\u015famal\u0131 enjeksiyonlu germe \u015fi\u015firme kal\u0131plama makinesi i\u00e7in \u00e7ok \u00f6nemlidir ve optimum i\u015flemeyi garanti eder.<\/p>\n<p>Enjeksiyon \u00fcnitesi, hidrolik veya servo tahrik i\u00e7in esnek olan tek silindirli kontrol kullan\u0131r. ASB-12M ile kal\u0131p uyumlulu\u011fu, farkl\u0131 \u00f6zellikler i\u00e7in \u00e7ok y\u00f6nl\u00fcl\u00fc\u011f\u00fc art\u0131r\u0131r.<\/p>\n<h2><img loading=\"lazy\" decoding=\"async\" class=\"wp-image-242 aligncenter\" src=\"https:\/\/isbmsolution.com\/wp-content\/uploads\/2026\/03\/One-step-Injection-Stretch-Blowing-Mould.webp\" alt=\"Tek A\u015famal\u0131 Enjeksiyonlu Gerdirme \u015ei\u015firme Kal\u0131b\u0131\" width=\"600\" height=\"789\" srcset=\"https:\/\/isbmsolution.com\/wp-content\/uploads\/2026\/03\/One-step-Injection-Stretch-Blowing-Mould.webp 600w, https:\/\/isbmsolution.com\/wp-content\/uploads\/2026\/03\/One-step-Injection-Stretch-Blowing-Mould-480x631.webp 480w\" sizes=\"(min-width: 0px) and (max-width: 480px) 480px, (min-width: 481px) 600px, 100vw\" \/><\/h2>\n<h2>Tek A\u015famal\u0131 Enjeksiyonlu Gerdirme \u015ei\u015firme Kal\u0131plama Makinesi (4 \u0130stasyonlu) HGY150-V4'\u00fcn Enerji Verimlili\u011fi ve \u00c7al\u0131\u015fma Parametreleri<\/h2>\n<p>Toplam 53,2 kW g\u00fcc\u00fcyle bu model, verimlilik ve tasarruf aras\u0131nda denge kuruyor. Dayan\u0131kl\u0131l\u0131k i\u00e7in cilt bak\u0131m \u00fcr\u00fcnleri \u015fi\u015feleri gibi kozmetik kaplar\u0131 da dahil olmak \u00fczere \u00e7e\u015fitli \u00fcr\u00fcnleri destekliyor. \u0130\u00e7ecek sekt\u00f6r\u00fcnde ise 2500 ml'ye kadar s\u0131zd\u0131rmazl\u0131k \u00f6zelli\u011fine sahip PET \u015fi\u015feler \u00fcretiyor.<\/p>\n<p>Ya\u011f ambalaj\u0131 i\u00e7in dayan\u0131kl\u0131 \u015fi\u015feler \u00fcretiyor. G\u0131dalar i\u00e7in geni\u015f a\u011f\u0131zl\u0131 kavanozlar saklamay\u0131 kolayla\u015ft\u0131r\u0131yor. \u0130la\u00e7 kaplar\u0131 standartlara uygun ve bebek \u00fcr\u00fcnlerinde \u0131s\u0131ya dayan\u0131kl\u0131 g\u00fcvenli malzemeler kullan\u0131l\u0131yor.<\/p>\n<h2>Tek Ad\u0131ml\u0131 Enjeksiyonlu Stre\u00e7 \u015ei\u015firme Kal\u0131plama Makinesinde (4 \u0130stasyonlu) \u00dcr\u00fcn \u00c7ok Y\u00f6nl\u00fcl\u00fc\u011f\u00fc (HGY150-V4)<\/h2>\n<p>HGY150-V4, parf\u00fcm \u015fi\u015felerinden meyve suyu kaplar\u0131na kadar \u00e7e\u015fitli \u00fcr\u00fcnleri i\u015fleyebilir. 4 istasyonlu tasar\u0131m\u0131, ASB AOKI i\u00e7in 4 istasyonlu ISBM makinesinin yerine ge\u00e7ebilecek \u015fekilde tasarlanm\u0131\u015ft\u0131r ve daha iyi verimlilik ve uyumluluk sunar.<\/p>\n<p>Kozmetik \u00fcr\u00fcnlerinde \u015feffaf ambalajlama sa\u011flan\u0131r. \u0130\u00e7ecekler hafiflikten fayda g\u00f6r\u00fcr. Ya\u011f kaplar\u0131 sa\u011flaml\u0131\u011f\u0131 vurgular. G\u0131da kavanozlar\u0131 doldurmay\u0131 kolayla\u015ft\u0131r\u0131r. \u0130la\u00e7lar d\u00fczenlemelere uygundur. Bebek \u00fcr\u00fcnlerinde g\u00fcvenlik \u00f6n plandad\u0131r.<\/p>\n<h2><img loading=\"lazy\" decoding=\"async\" class=\"wp-image-243 aligncenter\" src=\"https:\/\/isbmsolution.com\/wp-content\/uploads\/2026\/03\/production-result.webp\" alt=\"Enjeksiyonlu Gerdirme \u015ei\u015firme Kal\u0131plama Makinesi \u00fcretim sonucu\" width=\"600\" height=\"747\" srcset=\"https:\/\/isbmsolution.com\/wp-content\/uploads\/2026\/03\/production-result.webp 600w, https:\/\/isbmsolution.com\/wp-content\/uploads\/2026\/03\/production-result-480x597.webp 480w\" sizes=\"(min-width: 0px) and (max-width: 480px) 480px, (min-width: 481px) 600px, 100vw\" \/><\/h2>\n<h2>Tek A\u015famal\u0131 Enjeksiyonlu Gerdirme \u015ei\u015firme Kal\u0131plama Makinesi (4 \u0130stasyonlu) HGY150-V4 i\u00e7in Vaka \u00c7al\u0131\u015fmalar\u0131<\/h2>\n<p>Guangzhou'daki bir i\u00e7ecek fabrikas\u0131 bu makineyi entegre ederek kapasiteyi 30% art\u0131rd\u0131 ve enerji t\u00fcketimini 25% azaltt\u0131. \u015eanghay'daki bir kozmetik tesisi ise ASB'nin yerine bu makineyi kullanarak maliyetleri 20% d\u00fc\u015f\u00fcr\u00fcrken \u015fi\u015fe berrakl\u0131\u011f\u0131n\u0131 da iyile\u015ftirdi.<\/p>\n<p>Pekin'de bir ila\u00e7 \u015firketi, ila\u00e7 \u015fi\u015feleri i\u00e7in bu teknolojiyi kullanarak GMP uyumlulu\u011fu ve 15% verimlilik art\u0131\u015f\u0131 elde etti. Shenzhen'deki g\u0131da \u00fcreticileri, soslar i\u00e7in kavanoz homojenli\u011finde iyile\u015fme kaydetti. Qingdao'daki bebek \u00fcr\u00fcnleri \u00fcreticileri ise \u00fcr\u00fcn g\u00fcvenli\u011finde ve \u00fcretim tutarl\u0131l\u0131\u011f\u0131nda iyile\u015fme oldu\u011funu bildirdi.<\/p>\n<h2>Argentina Ever-power ISBM Machinery Co., Ltd.: Kal\u0131plama Teknolojisinde Yenilik\u00e7iler<\/h2>\n<p>2005 y\u0131l\u0131nda Buenos Aires'te kurulan ve 2018 y\u0131l\u0131nda 15.000 m\u00b2'den fazla alana sahip C\u00f3rdoba \u00fcss\u00fcyle geni\u015fleyen \u015firketimiz, ISBM Ar-Ge'ye odaklanmaktad\u0131r. 20 y\u0131l\u0131 a\u015fk\u0131n deneyimimiz ve patentlerimizle kozmetik ve i\u00e7ecekler i\u00e7in \u00e7ok malzemeli \u00e7\u00f6z\u00fcmler sunuyoruz. EP-70V4 (4 istasyonlu, 2500 ml), EP-50V3-EV (3 istasyonlu hassas), EP-150V4 (hidrolik kapasiteli) gibi modellerimiz mevcuttur. Yenilik\u00e7i yakla\u015f\u0131m\u0131m\u0131z, Cestbon ve Est\u00e9e Lauder ile y\u00fcksek g\u00fcvenilirlik i\u00e7in ortakl\u0131k kurarak tek elden hizmet sunmam\u0131z\u0131 sa\u011flar.<\/p>\n<h3><img loading=\"lazy\" decoding=\"async\" class=\"wp-image-209 aligncenter\" src=\"https:\/\/isbmsolution.com\/wp-content\/uploads\/2026\/02\/company-factory2-1.webp\" alt=\"enjeksiyon germe \u015fi\u015firme kal\u0131plama makinesi \u00fcreticisi\" width=\"801\" height=\"298\" srcset=\"https:\/\/isbmsolution.com\/wp-content\/uploads\/2026\/02\/company-factory2-1.webp 801w, https:\/\/isbmsolution.com\/wp-content\/uploads\/2026\/02\/company-factory2-1-480x179.webp 480w\" sizes=\"(min-width: 0px) and (max-width: 480px) 480px, (min-width: 481px) 801px, 100vw\" \/><\/h3>\n<h3>D\u00fcnyan\u0131n d\u00f6rt bir yan\u0131ndan kullan\u0131c\u0131 yorumlar\u0131<\/h3>\n<p>Los Angeles'tan bir m\u00fc\u015fteri: \"Bu makine \u015fi\u015fe \u00fcretim hatt\u0131m\u0131z i\u00e7in gayet iyi. \u0130stikrarl\u0131 \u00e7al\u0131\u015f\u0131yor ve kal\u0131p de\u011fi\u015ftirmek de \u00e7ok zor de\u011fil.\"<\/p>\n<p>Tokyo'dan bir m\u00fc\u015fteri: \"Ambalajlama i\u00e7in kullan\u0131yoruz ve gayet iyi i\u015f g\u00f6r\u00fcyor. Ba\u015flang\u0131\u00e7ta birka\u00e7 ayar\u0131 de\u011fi\u015ftirmemiz gerekse de, sonu\u00e7lar tutarl\u0131.\"<\/p>\n<p>\u015eanghay'dan bir m\u00fc\u015fteri: \"\u00dcretimimiz i\u00e7in gayet iyi \u00e7al\u0131\u015f\u0131yor. Enerji faturalar\u0131 biraz daha d\u00fc\u015f\u00fck ve bak\u0131m\u0131 da kolay.\"<\/p>\n<p>Londra'dan bir m\u00fc\u015fteri: \"Kavanozlar\u0131m\u0131z\u0131 sorunsuz bir \u015fekilde ta\u015f\u0131yor. Boyut se\u00e7enekleri kullan\u0131\u015fl\u0131, kurulum bir g\u00fcn s\u00fcrse de.\"<\/p>\n<p>Sao Paulo'dan bir m\u00fc\u015fteri: \"Kurulumumuzda makine ihtiya\u00e7lar\u0131m\u0131z\u0131 kar\u015f\u0131l\u0131yor. G\u00fcnl\u00fck kullan\u0131m i\u00e7in g\u00fcvenilir ve minimum duraksama sa\u011fl\u0131yor.\"<\/p>","protected":false},"excerpt":{"rendered":"<p dir=\"auto\">Tam Servo Tek Ad\u0131ml\u0131 Enjeksiyonlu Germe \u015ei\u015firme Kal\u0131plama Makinesi (3 \u0130stasyonlu) HGY50-V3-EV, PET\/PETG kaplar\u0131n verimli \u00fcretimi i\u00e7in enjeksiyon, germe ve \u015fi\u015firme i\u015flemlerini entegre eden hassas m\u00fchendislik \u00fcr\u00fcn\u00fc bir ISBM sistemidir. Be\u015f eksenli servo kontrol\u00fc, 34,8 kW motor g\u00fcc\u00fc, Japon MILE PLC ve 45,2 kW toplam t\u00fcketimi ile y\u00fcksek stabilite, enerji verimlili\u011fi ve ASB\/AOKI yerine uyumluluk sa\u011flar. Kozmetik, i\u00e7ecek, ila\u00e7, g\u0131da kavanozlar\u0131 ve bebek \u00fcr\u00fcnleri i\u00e7in ideal olan bu makine, minimum hata ile 100 ml'den 2500 ml'ye kadar hacimleri destekler.<\/p>","protected":false},"featured_media":246,"comment_status":"open","ping_status":"closed","template":"","meta":{"_et_pb_use_builder":"","_et_pb_old_content":"","_et_gb_content_width":""},"product_brand":[],"product_cat":[19],"product_tag":[20],"class_list":{"0":"post-247","1":"product","2":"type-product","3":"status-publish","4":"has-post-thumbnail","6":"product_cat-injection-stretch-blow-molding-machine","7":"product_tag-injection-stretch-blow-molding-machine","9":"first","10":"instock","11":"shipping-taxable","12":"product-type-simple"},"_links":{"self":[{"href":"https:\/\/isbmsolution.com\/tr\/wp-json\/wp\/v2\/product\/247","targetHints":{"allow":["GET"]}}],"collection":[{"href":"https:\/\/isbmsolution.com\/tr\/wp-json\/wp\/v2\/product"}],"about":[{"href":"https:\/\/isbmsolution.com\/tr\/wp-json\/wp\/v2\/types\/product"}],"replies":[{"embeddable":true,"href":"https:\/\/isbmsolution.com\/tr\/wp-json\/wp\/v2\/comments?post=247"}],"wp:featuredmedia":[{"embeddable":true,"href":"https:\/\/isbmsolution.com\/tr\/wp-json\/wp\/v2\/media\/246"}],"wp:attachment":[{"href":"https:\/\/isbmsolution.com\/tr\/wp-json\/wp\/v2\/media?parent=247"}],"wp:term":[{"taxonomy":"product_brand","embeddable":true,"href":"https:\/\/isbmsolution.com\/tr\/wp-json\/wp\/v2\/product_brand?post=247"},{"taxonomy":"product_cat","embeddable":true,"href":"https:\/\/isbmsolution.com\/tr\/wp-json\/wp\/v2\/product_cat?post=247"},{"taxonomy":"product_tag","embeddable":true,"href":"https:\/\/isbmsolution.com\/tr\/wp-json\/wp\/v2\/product_tag?post=247"}],"curies":[{"name":"wp","href":"https:\/\/api.w.org\/{rel}","templated":true}]}}